{"id":129,"date":"2021-02-01T21:34:35","date_gmt":"2021-02-01T21:34:35","guid":{"rendered":"http:\/\/ritmicamelilla.com\/?page_id=129"},"modified":"2025-12-24T18:29:11","modified_gmt":"2025-12-24T18:29:11","slug":"top-10-en-campeonatos-de-espana","status":"publish","type":"page","link":"http:\/\/ritmicamelilla.com\/?page_id=129","title":{"rendered":"Los mejores resultados en Campeonatos de Espa\u00f1a"},"content":{"rendered":"\n<p>1   <strong>Leo Faus Atencia<\/strong> Campe\u00f3n de Espa\u00f1a  categor\u00eda Benjam\u00edn absoluto Valencia 2020<\/p>\n\n\n\n<p>       Campeonato de Espa\u00f1a gimnasia r\u00edtmica masculina 2023  <\/p>\n\n\n\n<p>      Subcampe\u00f3n en la general, oro en la final de cuerda y plata en la de mazas.<\/p>\n\n\n\n<p>      Subcampe\u00f3n de Espa\u00f1a categor\u00eda alev\u00edn absoluto Orense 2022<\/p>\n\n\n\n<p>      Subcampe\u00f3n de Espa\u00f1a categor\u00eda alev\u00edn cuerda , aro y M.L. Orense 2022<\/p>\n\n\n\n<p>      5\u00ba cuerda  Campeonato de Espa\u00f1a Individual masculino alev\u00edn Valencia 2021<\/p>\n\n\n\n<p>     8\u00ba general Campeonato de Espa\u00f1a Individual masculino alev\u00edn Valencia 2021<\/p>\n\n\n\n<p>2   <strong>Mireia Guti\u00e9rrez G\u00f3mez<\/strong> Campeonato de Espa\u00f1a Bronce categor\u00eda Benjam\u00edn absoluta Valladolid 2013<\/p>\n\n\n\n<p>     8\u00aa manos libres Campeonato de Espa\u00f1a prebenjam\u00edn absoluto Alicante 2012<\/p>\n\n\n\n<p>     9\u00aa pelota Campeonato de Espa\u00f1a de Clubs Pontevedra 2015<\/p>\n\n\n\n<p>11\u00aa pelota senior Campeonato de Espa\u00f1a de la Juventud C\u00e1ceres 2018<\/p>\n\n\n\n<p>    12\u00aa Campeonato de Espa\u00f1a alev\u00edn absoluto Pontevedra 2015<\/p>\n\n\n\n<p>3   <strong>Neizan Buyemaa D\u00e1vila<\/strong> 3\u00ba  pelota Cameonato de Espa\u00f1a individual masculino Orense 2022<\/p>\n\n\n\n<p>     4\u00ba  general Cameonato de Espa\u00f1a individual masculino Orense 2022<\/p>\n\n\n\n<p>     6\u00ba Campeonato de Espa\u00f1a Individual masculino benjam\u00edn Valencia 2021<\/p>\n\n\n\n<p>4   <strong>Claudia Mart\u00edn Iglesias<\/strong> 4\u00aa aro Campeonato de Espa\u00f1a de Clubs Pontevedra 2015<\/p>\n\n\n\n<p>5 <strong>Chloe Potous Merino<\/strong> 5\u00aa manos libres Campeonato de Espa\u00f1a de Clubs Valencia 2020. 12\u00aa Campeonato de Espa\u00f1a absoluto\u00a0por equipos equipos Zaragoza\u00a02024<\/p>\n\n\n\n<p>6   <strong>Veronica Sousa Granja<\/strong> 6\u00aa cuerda Campeonato de Espa\u00f1a Equipos Alev\u00edn Logro\u00f1o 2017 <\/p>\n\n\n\n<p>7 <strong>Lucia Arenas<\/strong> 6\u00aa  Campeonato de Espa\u00f1a individual base Alev\u00edn en Zaragoza 2022<\/p>\n\n\n\n<p>8 Campeonato de Espa\u00f1a de Base de conjuntos benjam\u00edn manos libres 8\u00aa <strong>Yinen Abdelkader Hammuti, Marta Albarrac\u00edn Ruiz, Mar\u00eda Jes\u00fas Cabo Guti\u00e9rrez, Alejandra G\u00f3mez Mariscal, Patricia Imbroda Villegas, F\u00e1tima Mohamed Hamed, Wiham Abdelkader Hammuti<\/strong><\/p>\n\n\n\n<p>9 Copa de la Reina conjunto prebenjamin manos libres 10\u00aa <strong>Ver\u00f3nica Sousa, Roc\u00edo Rinc\u00f3n, Aiara Garc\u00eda, Nayla Mohamed, Victoria G\u00f3mez, Mar\u00eda Fern\u00e1ndez y Anays Montero <\/strong>Castell\u00f3n 2014<\/p>\n\n\n\n<p>10 <strong>Adriana Rios Catalinas<\/strong> 11\u00aa Campeonato de Espa\u00f1a de Base benjam\u00edn Guadalajara 2024 y 11\u00aa Copa de Espa\u00f1a benjam\u00edn Madrid 2025 <strong>Patricia Imbroda Villegas<\/strong> 11\u00aa aro Campeonato de Espa\u00f1a individual Valladolid 2012 Campeonato de Espa\u00f1a por equipos individual clasificaci\u00f3n por clubs alev\u00edn 11\u00ba <strong>Club Virka Melilla<\/strong> formado por <strong>Anays Montero Yag\u00fce<\/strong> y <strong>Veronica Sousa Granja<\/strong> Logro\u00f1o 2017<\/p>\n\n\n\n<p>11 Campeonato de Espa\u00f1a de Base conjuntos 11\u00aa 5 cuerdas <strong>Cristina G\u00f3mez, Lucia Garc\u00eda, Claudia Mart\u00edn, Elena P\u00e9rez y Lucia Navarro<\/strong><\/p>\n\n\n\n<p>12 <strong>Carolina Cano Rodriguez<\/strong> Campeonato de Espa\u00f1a de Base Benjam\u00edn manos libres 12\u00ba San Javier Murcia 2004<\/p>\n\n\n\n<p>13 <strong>Anays Montero Yag\u00fce<\/strong> 12\u00aa manos libres alev\u00edn Campeonato de Espa\u00f1a por equipos individual Logro\u00f1o 2017<\/p>\n\n\n\n<p>14 <strong>Elena P\u00e9rez P\u00e9rez<\/strong> 12\u00aa pelota j\u00fanior Campeonato de Espa\u00f1a por equipos individual Logro\u00f1o 2017<\/p>\n\n\n\n<p>15 <strong>Alejandra G\u00f3mez Mariscal<\/strong> 13\u00aa pelota Campeonato de Espa\u00f1a absoluto alev\u00edn Valladolid 2011<\/p>\n\n\n\n<p>16 Campeonato de Espa\u00f1a de Base conjuntos 13\u00ba ML <strong>Patricia Ortega, Mar\u00eda Imbroda, Maria Andreu, Marina Camacho, Andrea Bellver, Lucia Bueno<\/strong> San Javier Murcia 2007<\/p>\n\n\n\n<p>17 Campeonato de Espa\u00f1a de Base conjuntos 13\u00ba alevin ML <strong>Aiara Garc\u00eda Anays Montero, Claudia Mart\u00edn, Lucia Garc\u00eda, Mireia Guti\u00e9rrez y Ver\u00f3nica Sousa,<\/strong> Zaragoza 2015<\/p>\n\n\n\n<p><\/p>\n","protected":false},"excerpt":{"rendered":"<p>1 Leo Faus Atencia Campe\u00f3n de Espa\u00f1a categor\u00eda Benjam\u00edn absoluto Valencia 2020 Campeonato de Espa\u00f1a gimnasia r\u00edtmica masculina 2023 Subcampe\u00f3n en la general, oro en la final de cuerda y plata en la de mazas. Subcampe\u00f3n de Espa\u00f1a categor\u00eda alev\u00edn absoluto Orense 2022 Subcampe\u00f3n de Espa\u00f1a categor\u00eda alev\u00edn cuerda , aro y M.L. Orense 2022 5\u00ba cuerda Campeonato de Espa\u00f1a Individual masculino alev\u00edn Valencia 2021 8\u00ba general Campeonato de Espa\u00f1a Individual masculino alev\u00edn Valencia 2021 2 Mireia Guti\u00e9rrez G\u00f3mez Campeonato de Espa\u00f1a Bronce categor\u00eda Benjam\u00edn absoluta Valladolid 2013 8\u00aa manos libres Campeonato de Espa\u00f1a prebenjam\u00edn absoluto Alicante 2012 9\u00aa pelota Campeonato de Espa\u00f1a de Clubs Pontevedra 2015 11\u00aa pelota senior Campeonato de Espa\u00f1a de la Juventud C\u00e1ceres 2018 12\u00aa Campeonato de Espa\u00f1a alev\u00edn absoluto Pontevedra 2015 3 Neizan Buyemaa D\u00e1vila 3\u00ba pelota Cameonato de Espa\u00f1a individual masculino Orense 2022 4\u00ba general Cameonato de Espa\u00f1a individual masculino Orense 2022 6\u00ba Campeonato<\/p>\n","protected":false},"author":1,"featured_media":0,"parent":0,"menu_order":0,"comment_status":"closed","ping_status":"closed","template":"","meta":{"footnotes":""},"class_list":["post-129","page","type-page","status-publish"],"yoast_head":"<!-- This site is optimized with the Yoast SEO plugin v21.7 - https:\/\/yoast.com\/wordpress\/plugins\/seo\/ -->\n<title>Los mejores resultados en Campeonatos de Espa\u00f1a - R\u00edtmica Melilla<\/title>\n<meta name=\"robots\" content=\"index, follow, max-snippet:-1, max-image-preview:large, max-video-preview:-1\" \/>\n<link rel=\"canonical\" href=\"http:\/\/ritmicamelilla.com\/?page_id=129\" \/>\n<meta property=\"og:locale\" content=\"es_ES\" \/>\n<meta property=\"og:type\" content=\"article\" \/>\n<meta property=\"og:title\" content=\"Los mejores resultados en Campeonatos de Espa\u00f1a - R\u00edtmica Melilla\" \/>\n<meta property=\"og:description\" content=\"1 Leo Faus Atencia Campe\u00f3n de Espa\u00f1a categor\u00eda Benjam\u00edn absoluto Valencia 2020 Campeonato de Espa\u00f1a gimnasia r\u00edtmica masculina 2023 Subcampe\u00f3n en la general, oro en la final de cuerda y plata en la de mazas. Subcampe\u00f3n de Espa\u00f1a categor\u00eda alev\u00edn absoluto Orense 2022 Subcampe\u00f3n de Espa\u00f1a categor\u00eda alev\u00edn cuerda , aro y M.L. Orense 2022 5\u00ba cuerda Campeonato de Espa\u00f1a Individual masculino alev\u00edn Valencia 2021 8\u00ba general Campeonato de Espa\u00f1a Individual masculino alev\u00edn Valencia 2021 2 Mireia Guti\u00e9rrez G\u00f3mez Campeonato de Espa\u00f1a Bronce categor\u00eda Benjam\u00edn absoluta Valladolid 2013 8\u00aa manos libres Campeonato de Espa\u00f1a prebenjam\u00edn absoluto Alicante 2012 9\u00aa pelota Campeonato de Espa\u00f1a de Clubs Pontevedra 2015 11\u00aa pelota senior Campeonato de Espa\u00f1a de la Juventud C\u00e1ceres 2018 12\u00aa Campeonato de Espa\u00f1a alev\u00edn absoluto Pontevedra 2015 3 Neizan Buyemaa D\u00e1vila 3\u00ba pelota Cameonato de Espa\u00f1a individual masculino Orense 2022 4\u00ba general Cameonato de Espa\u00f1a individual masculino Orense 2022 6\u00ba Campeonato\" \/>\n<meta property=\"og:url\" content=\"http:\/\/ritmicamelilla.com\/?page_id=129\" \/>\n<meta property=\"og:site_name\" content=\"R\u00edtmica Melilla\" \/>\n<meta property=\"article:modified_time\" content=\"2025-12-24T18:29:11+00:00\" \/>\n<meta name=\"twitter:card\" content=\"summary_large_image\" \/>\n<meta name=\"twitter:label1\" content=\"Tiempo de lectura\" \/>\n\t<meta name=\"twitter:data1\" content=\"3 minutos\" \/>\n<script type=\"application\/ld+json\" class=\"yoast-schema-graph\">{\"@context\":\"https:\/\/schema.org\",\"@graph\":[{\"@type\":\"WebPage\",\"@id\":\"http:\/\/ritmicamelilla.com\/?page_id=129\",\"url\":\"http:\/\/ritmicamelilla.com\/?page_id=129\",\"name\":\"Los mejores resultados en Campeonatos de Espa\u00f1a - R\u00edtmica Melilla\",\"isPartOf\":{\"@id\":\"http:\/\/ritmicamelilla.com\/#website\"},\"datePublished\":\"2021-02-01T21:34:35+00:00\",\"dateModified\":\"2025-12-24T18:29:11+00:00\",\"breadcrumb\":{\"@id\":\"http:\/\/ritmicamelilla.com\/?page_id=129#breadcrumb\"},\"inLanguage\":\"es\",\"potentialAction\":[{\"@type\":\"ReadAction\",\"target\":[\"http:\/\/ritmicamelilla.com\/?page_id=129\"]}]},{\"@type\":\"BreadcrumbList\",\"@id\":\"http:\/\/ritmicamelilla.com\/?page_id=129#breadcrumb\",\"itemListElement\":[{\"@type\":\"ListItem\",\"position\":1,\"name\":\"Portada\",\"item\":\"http:\/\/ritmicamelilla.com\/\"},{\"@type\":\"ListItem\",\"position\":2,\"name\":\"Los mejores resultados en Campeonatos de Espa\u00f1a\"}]},{\"@type\":\"WebSite\",\"@id\":\"http:\/\/ritmicamelilla.com\/#website\",\"url\":\"http:\/\/ritmicamelilla.com\/\",\"name\":\"R\u00edtmica Melilla\",\"description\":\"P\u00e1gina de la federacion melillense de gimnasia\",\"publisher\":{\"@id\":\"http:\/\/ritmicamelilla.com\/#organization\"},\"potentialAction\":[{\"@type\":\"SearchAction\",\"target\":{\"@type\":\"EntryPoint\",\"urlTemplate\":\"http:\/\/ritmicamelilla.com\/?s={search_term_string}\"},\"query-input\":\"required name=search_term_string\"}],\"inLanguage\":\"es\"},{\"@type\":\"Organization\",\"@id\":\"http:\/\/ritmicamelilla.com\/#organization\",\"name\":\"Federaci\u00f3n Melillense de Gimnasia R\u00edtmica\",\"alternateName\":\"FMLG\",\"url\":\"http:\/\/ritmicamelilla.com\/\",\"logo\":{\"@type\":\"ImageObject\",\"inLanguage\":\"es\",\"@id\":\"http:\/\/ritmicamelilla.com\/#\/schema\/logo\/image\/\",\"url\":\"http:\/\/ritmicamelilla.com\/wp-content\/uploads\/2021\/01\/logofmtr-1.png\",\"contentUrl\":\"http:\/\/ritmicamelilla.com\/wp-content\/uploads\/2021\/01\/logofmtr-1.png\",\"width\":120,\"height\":80,\"caption\":\"Federaci\u00f3n Melillense de Gimnasia R\u00edtmica\"},\"image\":{\"@id\":\"http:\/\/ritmicamelilla.com\/#\/schema\/logo\/image\/\"}}]}<\/script>\n<!-- \/ Yoast SEO plugin. -->","yoast_head_json":{"title":"Los mejores resultados en Campeonatos de Espa\u00f1a - R\u00edtmica Melilla","robots":{"index":"index","follow":"follow","max-snippet":"max-snippet:-1","max-image-preview":"max-image-preview:large","max-video-preview":"max-video-preview:-1"},"canonical":"http:\/\/ritmicamelilla.com\/?page_id=129","og_locale":"es_ES","og_type":"article","og_title":"Los mejores resultados en Campeonatos de Espa\u00f1a - R\u00edtmica Melilla","og_description":"1 Leo Faus Atencia Campe\u00f3n de Espa\u00f1a categor\u00eda Benjam\u00edn absoluto Valencia 2020 Campeonato de Espa\u00f1a gimnasia r\u00edtmica masculina 2023 Subcampe\u00f3n en la general, oro en la final de cuerda y plata en la de mazas. Subcampe\u00f3n de Espa\u00f1a categor\u00eda alev\u00edn absoluto Orense 2022 Subcampe\u00f3n de Espa\u00f1a categor\u00eda alev\u00edn cuerda , aro y M.L. Orense 2022 5\u00ba cuerda Campeonato de Espa\u00f1a Individual masculino alev\u00edn Valencia 2021 8\u00ba general Campeonato de Espa\u00f1a Individual masculino alev\u00edn Valencia 2021 2 Mireia Guti\u00e9rrez G\u00f3mez Campeonato de Espa\u00f1a Bronce categor\u00eda Benjam\u00edn absoluta Valladolid 2013 8\u00aa manos libres Campeonato de Espa\u00f1a prebenjam\u00edn absoluto Alicante 2012 9\u00aa pelota Campeonato de Espa\u00f1a de Clubs Pontevedra 2015 11\u00aa pelota senior Campeonato de Espa\u00f1a de la Juventud C\u00e1ceres 2018 12\u00aa Campeonato de Espa\u00f1a alev\u00edn absoluto Pontevedra 2015 3 Neizan Buyemaa D\u00e1vila 3\u00ba pelota Cameonato de Espa\u00f1a individual masculino Orense 2022 4\u00ba general Cameonato de Espa\u00f1a individual masculino Orense 2022 6\u00ba Campeonato","og_url":"http:\/\/ritmicamelilla.com\/?page_id=129","og_site_name":"R\u00edtmica Melilla","article_modified_time":"2025-12-24T18:29:11+00:00","twitter_card":"summary_large_image","twitter_misc":{"Tiempo de lectura":"3 minutos"},"schema":{"@context":"https:\/\/schema.org","@graph":[{"@type":"WebPage","@id":"http:\/\/ritmicamelilla.com\/?page_id=129","url":"http:\/\/ritmicamelilla.com\/?page_id=129","name":"Los mejores resultados en Campeonatos de Espa\u00f1a - R\u00edtmica Melilla","isPartOf":{"@id":"http:\/\/ritmicamelilla.com\/#website"},"datePublished":"2021-02-01T21:34:35+00:00","dateModified":"2025-12-24T18:29:11+00:00","breadcrumb":{"@id":"http:\/\/ritmicamelilla.com\/?page_id=129#breadcrumb"},"inLanguage":"es","potentialAction":[{"@type":"ReadAction","target":["http:\/\/ritmicamelilla.com\/?page_id=129"]}]},{"@type":"BreadcrumbList","@id":"http:\/\/ritmicamelilla.com\/?page_id=129#breadcrumb","itemListElement":[{"@type":"ListItem","position":1,"name":"Portada","item":"http:\/\/ritmicamelilla.com\/"},{"@type":"ListItem","position":2,"name":"Los mejores resultados en Campeonatos de Espa\u00f1a"}]},{"@type":"WebSite","@id":"http:\/\/ritmicamelilla.com\/#website","url":"http:\/\/ritmicamelilla.com\/","name":"R\u00edtmica Melilla","description":"P\u00e1gina de la federacion melillense de gimnasia","publisher":{"@id":"http:\/\/ritmicamelilla.com\/#organization"},"potentialAction":[{"@type":"SearchAction","target":{"@type":"EntryPoint","urlTemplate":"http:\/\/ritmicamelilla.com\/?s={search_term_string}"},"query-input":"required name=search_term_string"}],"inLanguage":"es"},{"@type":"Organization","@id":"http:\/\/ritmicamelilla.com\/#organization","name":"Federaci\u00f3n Melillense de Gimnasia R\u00edtmica","alternateName":"FMLG","url":"http:\/\/ritmicamelilla.com\/","logo":{"@type":"ImageObject","inLanguage":"es","@id":"http:\/\/ritmicamelilla.com\/#\/schema\/logo\/image\/","url":"http:\/\/ritmicamelilla.com\/wp-content\/uploads\/2021\/01\/logofmtr-1.png","contentUrl":"http:\/\/ritmicamelilla.com\/wp-content\/uploads\/2021\/01\/logofmtr-1.png","width":120,"height":80,"caption":"Federaci\u00f3n Melillense de Gimnasia R\u00edtmica"},"image":{"@id":"http:\/\/ritmicamelilla.com\/#\/schema\/logo\/image\/"}}]}},"_links":{"self":[{"href":"http:\/\/ritmicamelilla.com\/index.php?rest_route=\/wp\/v2\/pages\/129","targetHints":{"allow":["GET"]}}],"collection":[{"href":"http:\/\/ritmicamelilla.com\/index.php?rest_route=\/wp\/v2\/pages"}],"about":[{"href":"http:\/\/ritmicamelilla.com\/index.php?rest_route=\/wp\/v2\/types\/page"}],"author":[{"embeddable":true,"href":"http:\/\/ritmicamelilla.com\/index.php?rest_route=\/wp\/v2\/users\/1"}],"replies":[{"embeddable":true,"href":"http:\/\/ritmicamelilla.com\/index.php?rest_route=%2Fwp%2Fv2%2Fcomments&post=129"}],"version-history":[{"count":16,"href":"http:\/\/ritmicamelilla.com\/index.php?rest_route=\/wp\/v2\/pages\/129\/revisions"}],"predecessor-version":[{"id":1109,"href":"http:\/\/ritmicamelilla.com\/index.php?rest_route=\/wp\/v2\/pages\/129\/revisions\/1109"}],"wp:attachment":[{"href":"http:\/\/ritmicamelilla.com\/index.php?rest_route=%2Fwp%2Fv2%2Fmedia&parent=129"}],"curies":[{"name":"wp","href":"https:\/\/api.w.org\/{rel}","templated":true}]}}