{"id":29,"date":"2021-01-27T18:08:31","date_gmt":"2021-01-27T18:08:31","guid":{"rendered":"http:\/\/ritmicamelilla.com\/?page_id=29"},"modified":"2021-01-27T19:12:42","modified_gmt":"2021-01-27T19:12:42","slug":"saludo-de-la-presidenta-de-la-fmlg","status":"publish","type":"page","link":"http:\/\/ritmicamelilla.com\/?page_id=29","title":{"rendered":"Saludo de la Presidenta de la FMLG"},"content":{"rendered":"\n<p>Como presidenta de la Federaci\u00f3n Melillense de Gimnasia y desde esta ventana abierta al mundo que nos ofrece internet, quisiera saludar a todas las personas que nos visiten tecleando ritmicamelilla.com.<\/p>\n\n\n\n<p>Nuestro objetivo primordial es disfrutar y ense\u00f1ar a disfrutar a los que nos rodean de un deporte que nos gusta y apasiona, nos ayuda a desarrollarnos f\u00edsica y mentalmente, nos permite conocer gente y hacer amigos.<\/p>\n\n\n\n<p>El deporte contribuye notablemente al objetivo de alcanzar el equilibrio en la convivencia. Iguala a todos sin distinci\u00f3n en la competici\u00f3n y genera lazos entre las personas de or\u00edgenes m\u00e1s dispares. Por eso desde nuestra humilde posici\u00f3n federativa queremos contribuir a que el deporte en general y la gimnasia en particular, siga siendo una parte importante de nuestras vidas, que nos genere ilusi\u00f3n, nos mantenga unidos y nos forme como personas.<\/p>\n\n\n\n<p>Esta web pretende ser el escaparate que muestre a los amantes de la gimnasia todo lo que acontece en nuestra Ciudad Melilla relacionado con nuestro deporte y tiene por protagonistas a nuestras gimnastas.<br>para contactar con nosotros:<br>fmlgimnasia@telefonica.net<\/p>\n","protected":false},"excerpt":{"rendered":"<p>Como presidenta de la Federaci\u00f3n Melillense de Gimnasia y desde esta ventana abierta al mundo que nos ofrece internet, quisiera saludar a todas las personas que nos visiten tecleando ritmicamelilla.com. Nuestro objetivo primordial es disfrutar y ense\u00f1ar a disfrutar a los que nos rodean de un deporte que nos gusta y apasiona, nos ayuda a desarrollarnos f\u00edsica y mentalmente, nos permite conocer gente y hacer amigos. El deporte contribuye notablemente al objetivo de alcanzar el equilibrio en la convivencia. Iguala a todos sin distinci\u00f3n en la competici\u00f3n y genera lazos entre las personas de or\u00edgenes m\u00e1s dispares. Por eso desde nuestra humilde posici\u00f3n federativa queremos contribuir a que el deporte en general y la gimnasia en particular, siga siendo una parte importante de nuestras vidas, que nos genere ilusi\u00f3n, nos mantenga unidos y nos forme como personas. Esta web pretende ser el escaparate que muestre a los amantes de la<\/p>\n","protected":false},"author":1,"featured_media":0,"parent":0,"menu_order":0,"comment_status":"closed","ping_status":"closed","template":"","meta":{"footnotes":""},"class_list":["post-29","page","type-page","status-publish"],"yoast_head":"<!-- This site is optimized with the Yoast SEO plugin v21.7 - https:\/\/yoast.com\/wordpress\/plugins\/seo\/ -->\n<title>Saludo de la Presidenta de la FMLG - R\u00edtmica Melilla<\/title>\n<meta name=\"robots\" content=\"index, follow, max-snippet:-1, max-image-preview:large, max-video-preview:-1\" \/>\n<link rel=\"canonical\" href=\"http:\/\/ritmicamelilla.com\/?page_id=29\" \/>\n<meta property=\"og:locale\" content=\"es_ES\" \/>\n<meta property=\"og:type\" content=\"article\" \/>\n<meta property=\"og:title\" content=\"Saludo de la Presidenta de la FMLG - R\u00edtmica Melilla\" \/>\n<meta property=\"og:description\" content=\"Como presidenta de la Federaci\u00f3n Melillense de Gimnasia y desde esta ventana abierta al mundo que nos ofrece internet, quisiera saludar a todas las personas que nos visiten tecleando ritmicamelilla.com. Nuestro objetivo primordial es disfrutar y ense\u00f1ar a disfrutar a los que nos rodean de un deporte que nos gusta y apasiona, nos ayuda a desarrollarnos f\u00edsica y mentalmente, nos permite conocer gente y hacer amigos. El deporte contribuye notablemente al objetivo de alcanzar el equilibrio en la convivencia. Iguala a todos sin distinci\u00f3n en la competici\u00f3n y genera lazos entre las personas de or\u00edgenes m\u00e1s dispares. Por eso desde nuestra humilde posici\u00f3n federativa queremos contribuir a que el deporte en general y la gimnasia en particular, siga siendo una parte importante de nuestras vidas, que nos genere ilusi\u00f3n, nos mantenga unidos y nos forme como personas. Esta web pretende ser el escaparate que muestre a los amantes de la\" \/>\n<meta property=\"og:url\" content=\"http:\/\/ritmicamelilla.com\/?page_id=29\" \/>\n<meta property=\"og:site_name\" content=\"R\u00edtmica Melilla\" \/>\n<meta property=\"article:modified_time\" content=\"2021-01-27T19:12:42+00:00\" \/>\n<meta name=\"twitter:card\" content=\"summary_large_image\" \/>\n<meta name=\"twitter:label1\" content=\"Tiempo de lectura\" \/>\n\t<meta name=\"twitter:data1\" content=\"1 minuto\" \/>\n<script type=\"application\/ld+json\" class=\"yoast-schema-graph\">{\"@context\":\"https:\/\/schema.org\",\"@graph\":[{\"@type\":\"WebPage\",\"@id\":\"http:\/\/ritmicamelilla.com\/?page_id=29\",\"url\":\"http:\/\/ritmicamelilla.com\/?page_id=29\",\"name\":\"Saludo de la Presidenta de la FMLG - R\u00edtmica Melilla\",\"isPartOf\":{\"@id\":\"http:\/\/ritmicamelilla.com\/#website\"},\"datePublished\":\"2021-01-27T18:08:31+00:00\",\"dateModified\":\"2021-01-27T19:12:42+00:00\",\"breadcrumb\":{\"@id\":\"http:\/\/ritmicamelilla.com\/?page_id=29#breadcrumb\"},\"inLanguage\":\"es\",\"potentialAction\":[{\"@type\":\"ReadAction\",\"target\":[\"http:\/\/ritmicamelilla.com\/?page_id=29\"]}]},{\"@type\":\"BreadcrumbList\",\"@id\":\"http:\/\/ritmicamelilla.com\/?page_id=29#breadcrumb\",\"itemListElement\":[{\"@type\":\"ListItem\",\"position\":1,\"name\":\"Portada\",\"item\":\"http:\/\/ritmicamelilla.com\/\"},{\"@type\":\"ListItem\",\"position\":2,\"name\":\"Saludo de la Presidenta de la FMLG\"}]},{\"@type\":\"WebSite\",\"@id\":\"http:\/\/ritmicamelilla.com\/#website\",\"url\":\"http:\/\/ritmicamelilla.com\/\",\"name\":\"R\u00edtmica Melilla\",\"description\":\"P\u00e1gina de la federacion melillense de gimnasia\",\"publisher\":{\"@id\":\"http:\/\/ritmicamelilla.com\/#organization\"},\"potentialAction\":[{\"@type\":\"SearchAction\",\"target\":{\"@type\":\"EntryPoint\",\"urlTemplate\":\"http:\/\/ritmicamelilla.com\/?s={search_term_string}\"},\"query-input\":\"required name=search_term_string\"}],\"inLanguage\":\"es\"},{\"@type\":\"Organization\",\"@id\":\"http:\/\/ritmicamelilla.com\/#organization\",\"name\":\"Federaci\u00f3n Melillense de Gimnasia R\u00edtmica\",\"alternateName\":\"FMLG\",\"url\":\"http:\/\/ritmicamelilla.com\/\",\"logo\":{\"@type\":\"ImageObject\",\"inLanguage\":\"es\",\"@id\":\"http:\/\/ritmicamelilla.com\/#\/schema\/logo\/image\/\",\"url\":\"http:\/\/ritmicamelilla.com\/wp-content\/uploads\/2021\/01\/logofmtr-1.png\",\"contentUrl\":\"http:\/\/ritmicamelilla.com\/wp-content\/uploads\/2021\/01\/logofmtr-1.png\",\"width\":120,\"height\":80,\"caption\":\"Federaci\u00f3n Melillense de Gimnasia R\u00edtmica\"},\"image\":{\"@id\":\"http:\/\/ritmicamelilla.com\/#\/schema\/logo\/image\/\"}}]}<\/script>\n<!-- \/ Yoast SEO plugin. -->","yoast_head_json":{"title":"Saludo de la Presidenta de la FMLG - R\u00edtmica Melilla","robots":{"index":"index","follow":"follow","max-snippet":"max-snippet:-1","max-image-preview":"max-image-preview:large","max-video-preview":"max-video-preview:-1"},"canonical":"http:\/\/ritmicamelilla.com\/?page_id=29","og_locale":"es_ES","og_type":"article","og_title":"Saludo de la Presidenta de la FMLG - R\u00edtmica Melilla","og_description":"Como presidenta de la Federaci\u00f3n Melillense de Gimnasia y desde esta ventana abierta al mundo que nos ofrece internet, quisiera saludar a todas las personas que nos visiten tecleando ritmicamelilla.com. Nuestro objetivo primordial es disfrutar y ense\u00f1ar a disfrutar a los que nos rodean de un deporte que nos gusta y apasiona, nos ayuda a desarrollarnos f\u00edsica y mentalmente, nos permite conocer gente y hacer amigos. El deporte contribuye notablemente al objetivo de alcanzar el equilibrio en la convivencia. Iguala a todos sin distinci\u00f3n en la competici\u00f3n y genera lazos entre las personas de or\u00edgenes m\u00e1s dispares. Por eso desde nuestra humilde posici\u00f3n federativa queremos contribuir a que el deporte en general y la gimnasia en particular, siga siendo una parte importante de nuestras vidas, que nos genere ilusi\u00f3n, nos mantenga unidos y nos forme como personas. Esta web pretende ser el escaparate que muestre a los amantes de la","og_url":"http:\/\/ritmicamelilla.com\/?page_id=29","og_site_name":"R\u00edtmica Melilla","article_modified_time":"2021-01-27T19:12:42+00:00","twitter_card":"summary_large_image","twitter_misc":{"Tiempo de lectura":"1 minuto"},"schema":{"@context":"https:\/\/schema.org","@graph":[{"@type":"WebPage","@id":"http:\/\/ritmicamelilla.com\/?page_id=29","url":"http:\/\/ritmicamelilla.com\/?page_id=29","name":"Saludo de la Presidenta de la FMLG - R\u00edtmica Melilla","isPartOf":{"@id":"http:\/\/ritmicamelilla.com\/#website"},"datePublished":"2021-01-27T18:08:31+00:00","dateModified":"2021-01-27T19:12:42+00:00","breadcrumb":{"@id":"http:\/\/ritmicamelilla.com\/?page_id=29#breadcrumb"},"inLanguage":"es","potentialAction":[{"@type":"ReadAction","target":["http:\/\/ritmicamelilla.com\/?page_id=29"]}]},{"@type":"BreadcrumbList","@id":"http:\/\/ritmicamelilla.com\/?page_id=29#breadcrumb","itemListElement":[{"@type":"ListItem","position":1,"name":"Portada","item":"http:\/\/ritmicamelilla.com\/"},{"@type":"ListItem","position":2,"name":"Saludo de la Presidenta de la FMLG"}]},{"@type":"WebSite","@id":"http:\/\/ritmicamelilla.com\/#website","url":"http:\/\/ritmicamelilla.com\/","name":"R\u00edtmica Melilla","description":"P\u00e1gina de la federacion melillense de gimnasia","publisher":{"@id":"http:\/\/ritmicamelilla.com\/#organization"},"potentialAction":[{"@type":"SearchAction","target":{"@type":"EntryPoint","urlTemplate":"http:\/\/ritmicamelilla.com\/?s={search_term_string}"},"query-input":"required name=search_term_string"}],"inLanguage":"es"},{"@type":"Organization","@id":"http:\/\/ritmicamelilla.com\/#organization","name":"Federaci\u00f3n Melillense de Gimnasia R\u00edtmica","alternateName":"FMLG","url":"http:\/\/ritmicamelilla.com\/","logo":{"@type":"ImageObject","inLanguage":"es","@id":"http:\/\/ritmicamelilla.com\/#\/schema\/logo\/image\/","url":"http:\/\/ritmicamelilla.com\/wp-content\/uploads\/2021\/01\/logofmtr-1.png","contentUrl":"http:\/\/ritmicamelilla.com\/wp-content\/uploads\/2021\/01\/logofmtr-1.png","width":120,"height":80,"caption":"Federaci\u00f3n Melillense de Gimnasia R\u00edtmica"},"image":{"@id":"http:\/\/ritmicamelilla.com\/#\/schema\/logo\/image\/"}}]}},"_links":{"self":[{"href":"http:\/\/ritmicamelilla.com\/index.php?rest_route=\/wp\/v2\/pages\/29","targetHints":{"allow":["GET"]}}],"collection":[{"href":"http:\/\/ritmicamelilla.com\/index.php?rest_route=\/wp\/v2\/pages"}],"about":[{"href":"http:\/\/ritmicamelilla.com\/index.php?rest_route=\/wp\/v2\/types\/page"}],"author":[{"embeddable":true,"href":"http:\/\/ritmicamelilla.com\/index.php?rest_route=\/wp\/v2\/users\/1"}],"replies":[{"embeddable":true,"href":"http:\/\/ritmicamelilla.com\/index.php?rest_route=%2Fwp%2Fv2%2Fcomments&post=29"}],"version-history":[{"count":2,"href":"http:\/\/ritmicamelilla.com\/index.php?rest_route=\/wp\/v2\/pages\/29\/revisions"}],"predecessor-version":[{"id":47,"href":"http:\/\/ritmicamelilla.com\/index.php?rest_route=\/wp\/v2\/pages\/29\/revisions\/47"}],"wp:attachment":[{"href":"http:\/\/ritmicamelilla.com\/index.php?rest_route=%2Fwp%2Fv2%2Fmedia&parent=29"}],"curies":[{"name":"wp","href":"https:\/\/api.w.org\/{rel}","templated":true}]}}