{"id":79,"date":"2021-01-30T17:47:40","date_gmt":"2021-01-30T17:47:40","guid":{"rendered":"http:\/\/ritmicamelilla.com\/?page_id=79"},"modified":"2026-01-25T20:59:24","modified_gmt":"2026-01-25T20:59:24","slug":"normativas","status":"publish","type":"page","link":"http:\/\/ritmicamelilla.com\/?page_id=79","title":{"rendered":"Normativas"},"content":{"rendered":"\n<p><a href=\"http:\/\/ritmicamelilla.com\/wp-content\/uploads\/2025\/12\/NORMATIVA-TECNICA-GIMNASIA-RITMICA-2026-bb.pdf\">Normativa T\u00e9cnica GR 2026<\/a><\/p>\n\n\n\n<p><a href=\"http:\/\/ritmicamelilla.com\/wp-content\/uploads\/2025\/12\/EXIGENCIAS-TECNICAS-2026-bb.pdf\">Exigencias T\u00e9cnicas GR 2026<\/a><\/p>\n\n\n\n<p><a href=\"http:\/\/ritmicamelilla.com\/wp-content\/uploads\/2025\/12\/NORMATIVA-DE-JUECES-bb.pdf\">Normativa de Jueces FMLG<\/a><\/p>\n\n\n\n<p><a href=\"http:\/\/ritmicamelilla.com\/wp-content\/uploads\/2025\/02\/EXIGENCIAS-TECNICAS-2025.pdf\">Exigencias T\u00e9cnicas GR 2025<\/a><\/p>\n\n\n\n<p><a href=\"http:\/\/ritmicamelilla.com\/wp-content\/uploads\/2026\/01\/NORMATIVA-GENERAL-DE-COMPETICIONES-FMLG-2026-1.pdf\">Normativa General de Competici\u00f3n de la FMLG 2026<\/a><\/p>\n\n\n\n<p><a href=\"http:\/\/ritmicamelilla.com\/wp-content\/uploads\/2024\/01\/poliza-2024.pdf\">P\u00f3liza de seguro deportivo<\/a><\/p>\n\n\n\n<p><\/p>\n","protected":false},"excerpt":{"rendered":"<p>Normativa T\u00e9cnica GR 2026 Exigencias T\u00e9cnicas GR 2026 Normativa de Jueces FMLG Exigencias T\u00e9cnicas GR 2025 Normativa General de Competici\u00f3n de la FMLG 2026 P\u00f3liza de seguro deportivo<\/p>\n","protected":false},"author":1,"featured_media":0,"parent":0,"menu_order":0,"comment_status":"closed","ping_status":"closed","template":"","meta":{"footnotes":""},"class_list":["post-79","page","type-page","status-publish"],"yoast_head":"<!-- This site is optimized with the Yoast SEO plugin v21.7 - https:\/\/yoast.com\/wordpress\/plugins\/seo\/ -->\n<title>Normativas - R\u00edtmica Melilla<\/title>\n<meta name=\"robots\" content=\"index, follow, max-snippet:-1, max-image-preview:large, max-video-preview:-1\" \/>\n<link rel=\"canonical\" href=\"http:\/\/ritmicamelilla.com\/?page_id=79\" \/>\n<meta property=\"og:locale\" content=\"es_ES\" \/>\n<meta property=\"og:type\" content=\"article\" \/>\n<meta property=\"og:title\" content=\"Normativas - R\u00edtmica Melilla\" \/>\n<meta property=\"og:description\" content=\"Normativa T\u00e9cnica GR 2026 Exigencias T\u00e9cnicas GR 2026 Normativa de Jueces FMLG Exigencias T\u00e9cnicas GR 2025 Normativa General de Competici\u00f3n de la FMLG 2026 P\u00f3liza de seguro deportivo\" \/>\n<meta property=\"og:url\" content=\"http:\/\/ritmicamelilla.com\/?page_id=79\" \/>\n<meta property=\"og:site_name\" content=\"R\u00edtmica Melilla\" \/>\n<meta property=\"article:modified_time\" content=\"2026-01-25T20:59:24+00:00\" \/>\n<meta name=\"twitter:card\" content=\"summary_large_image\" \/>\n<meta name=\"twitter:label1\" content=\"Tiempo de lectura\" \/>\n\t<meta name=\"twitter:data1\" content=\"1 minuto\" \/>\n<script type=\"application\/ld+json\" class=\"yoast-schema-graph\">{\"@context\":\"https:\/\/schema.org\",\"@graph\":[{\"@type\":\"WebPage\",\"@id\":\"http:\/\/ritmicamelilla.com\/?page_id=79\",\"url\":\"http:\/\/ritmicamelilla.com\/?page_id=79\",\"name\":\"Normativas - R\u00edtmica Melilla\",\"isPartOf\":{\"@id\":\"http:\/\/ritmicamelilla.com\/#website\"},\"datePublished\":\"2021-01-30T17:47:40+00:00\",\"dateModified\":\"2026-01-25T20:59:24+00:00\",\"breadcrumb\":{\"@id\":\"http:\/\/ritmicamelilla.com\/?page_id=79#breadcrumb\"},\"inLanguage\":\"es\",\"potentialAction\":[{\"@type\":\"ReadAction\",\"target\":[\"http:\/\/ritmicamelilla.com\/?page_id=79\"]}]},{\"@type\":\"BreadcrumbList\",\"@id\":\"http:\/\/ritmicamelilla.com\/?page_id=79#breadcrumb\",\"itemListElement\":[{\"@type\":\"ListItem\",\"position\":1,\"name\":\"Portada\",\"item\":\"http:\/\/ritmicamelilla.com\/\"},{\"@type\":\"ListItem\",\"position\":2,\"name\":\"Normativas\"}]},{\"@type\":\"WebSite\",\"@id\":\"http:\/\/ritmicamelilla.com\/#website\",\"url\":\"http:\/\/ritmicamelilla.com\/\",\"name\":\"R\u00edtmica Melilla\",\"description\":\"P\u00e1gina de la federacion melillense de gimnasia\",\"publisher\":{\"@id\":\"http:\/\/ritmicamelilla.com\/#organization\"},\"potentialAction\":[{\"@type\":\"SearchAction\",\"target\":{\"@type\":\"EntryPoint\",\"urlTemplate\":\"http:\/\/ritmicamelilla.com\/?s={search_term_string}\"},\"query-input\":\"required name=search_term_string\"}],\"inLanguage\":\"es\"},{\"@type\":\"Organization\",\"@id\":\"http:\/\/ritmicamelilla.com\/#organization\",\"name\":\"Federaci\u00f3n Melillense de Gimnasia R\u00edtmica\",\"alternateName\":\"FMLG\",\"url\":\"http:\/\/ritmicamelilla.com\/\",\"logo\":{\"@type\":\"ImageObject\",\"inLanguage\":\"es\",\"@id\":\"http:\/\/ritmicamelilla.com\/#\/schema\/logo\/image\/\",\"url\":\"http:\/\/ritmicamelilla.com\/wp-content\/uploads\/2021\/01\/logofmtr-1.png\",\"contentUrl\":\"http:\/\/ritmicamelilla.com\/wp-content\/uploads\/2021\/01\/logofmtr-1.png\",\"width\":120,\"height\":80,\"caption\":\"Federaci\u00f3n Melillense de Gimnasia R\u00edtmica\"},\"image\":{\"@id\":\"http:\/\/ritmicamelilla.com\/#\/schema\/logo\/image\/\"}}]}<\/script>\n<!-- \/ Yoast SEO plugin. -->","yoast_head_json":{"title":"Normativas - R\u00edtmica Melilla","robots":{"index":"index","follow":"follow","max-snippet":"max-snippet:-1","max-image-preview":"max-image-preview:large","max-video-preview":"max-video-preview:-1"},"canonical":"http:\/\/ritmicamelilla.com\/?page_id=79","og_locale":"es_ES","og_type":"article","og_title":"Normativas - R\u00edtmica Melilla","og_description":"Normativa T\u00e9cnica GR 2026 Exigencias T\u00e9cnicas GR 2026 Normativa de Jueces FMLG Exigencias T\u00e9cnicas GR 2025 Normativa General de Competici\u00f3n de la FMLG 2026 P\u00f3liza de seguro deportivo","og_url":"http:\/\/ritmicamelilla.com\/?page_id=79","og_site_name":"R\u00edtmica Melilla","article_modified_time":"2026-01-25T20:59:24+00:00","twitter_card":"summary_large_image","twitter_misc":{"Tiempo de lectura":"1 minuto"},"schema":{"@context":"https:\/\/schema.org","@graph":[{"@type":"WebPage","@id":"http:\/\/ritmicamelilla.com\/?page_id=79","url":"http:\/\/ritmicamelilla.com\/?page_id=79","name":"Normativas - R\u00edtmica Melilla","isPartOf":{"@id":"http:\/\/ritmicamelilla.com\/#website"},"datePublished":"2021-01-30T17:47:40+00:00","dateModified":"2026-01-25T20:59:24+00:00","breadcrumb":{"@id":"http:\/\/ritmicamelilla.com\/?page_id=79#breadcrumb"},"inLanguage":"es","potentialAction":[{"@type":"ReadAction","target":["http:\/\/ritmicamelilla.com\/?page_id=79"]}]},{"@type":"BreadcrumbList","@id":"http:\/\/ritmicamelilla.com\/?page_id=79#breadcrumb","itemListElement":[{"@type":"ListItem","position":1,"name":"Portada","item":"http:\/\/ritmicamelilla.com\/"},{"@type":"ListItem","position":2,"name":"Normativas"}]},{"@type":"WebSite","@id":"http:\/\/ritmicamelilla.com\/#website","url":"http:\/\/ritmicamelilla.com\/","name":"R\u00edtmica Melilla","description":"P\u00e1gina de la federacion melillense de gimnasia","publisher":{"@id":"http:\/\/ritmicamelilla.com\/#organization"},"potentialAction":[{"@type":"SearchAction","target":{"@type":"EntryPoint","urlTemplate":"http:\/\/ritmicamelilla.com\/?s={search_term_string}"},"query-input":"required name=search_term_string"}],"inLanguage":"es"},{"@type":"Organization","@id":"http:\/\/ritmicamelilla.com\/#organization","name":"Federaci\u00f3n Melillense de Gimnasia R\u00edtmica","alternateName":"FMLG","url":"http:\/\/ritmicamelilla.com\/","logo":{"@type":"ImageObject","inLanguage":"es","@id":"http:\/\/ritmicamelilla.com\/#\/schema\/logo\/image\/","url":"http:\/\/ritmicamelilla.com\/wp-content\/uploads\/2021\/01\/logofmtr-1.png","contentUrl":"http:\/\/ritmicamelilla.com\/wp-content\/uploads\/2021\/01\/logofmtr-1.png","width":120,"height":80,"caption":"Federaci\u00f3n Melillense de Gimnasia R\u00edtmica"},"image":{"@id":"http:\/\/ritmicamelilla.com\/#\/schema\/logo\/image\/"}}]}},"_links":{"self":[{"href":"http:\/\/ritmicamelilla.com\/index.php?rest_route=\/wp\/v2\/pages\/79","targetHints":{"allow":["GET"]}}],"collection":[{"href":"http:\/\/ritmicamelilla.com\/index.php?rest_route=\/wp\/v2\/pages"}],"about":[{"href":"http:\/\/ritmicamelilla.com\/index.php?rest_route=\/wp\/v2\/types\/page"}],"author":[{"embeddable":true,"href":"http:\/\/ritmicamelilla.com\/index.php?rest_route=\/wp\/v2\/users\/1"}],"replies":[{"embeddable":true,"href":"http:\/\/ritmicamelilla.com\/index.php?rest_route=%2Fwp%2Fv2%2Fcomments&post=79"}],"version-history":[{"count":17,"href":"http:\/\/ritmicamelilla.com\/index.php?rest_route=\/wp\/v2\/pages\/79\/revisions"}],"predecessor-version":[{"id":1130,"href":"http:\/\/ritmicamelilla.com\/index.php?rest_route=\/wp\/v2\/pages\/79\/revisions\/1130"}],"wp:attachment":[{"href":"http:\/\/ritmicamelilla.com\/index.php?rest_route=%2Fwp%2Fv2%2Fmedia&parent=79"}],"curies":[{"name":"wp","href":"https:\/\/api.w.org\/{rel}","templated":true}]}}