{"id":83,"date":"2021-01-30T19:49:51","date_gmt":"2021-01-30T19:49:51","guid":{"rendered":"http:\/\/ritmicamelilla.com\/?page_id=83"},"modified":"2025-02-16T21:22:33","modified_gmt":"2025-02-16T21:22:33","slug":"organos-directivos","status":"publish","type":"page","link":"http:\/\/ritmicamelilla.com\/?page_id=83","title":{"rendered":"\u00d3rganos Directivos"},"content":{"rendered":"\n<div class=\"wp-block-group is-vertical is-layout-flex wp-container-core-group-is-layout-1 wp-block-group-is-layout-flex\">\n<p class=\"has-vivid-cyan-blue-color has-text-color has-link-color has-medium-font-size wp-elements-7bf68a17d308c71dafc1a05db9c69faf\"><strong>JUNTA DIRECTIVA<\/strong><\/p>\n\n\n\n<p>Presidenta MAR\u00cdA JES\u00daS CONCA DELGADO<\/p>\n\n\n\n<p>Vicepresidenta              CRISTINA MORENO MEJIAS<br>Secretario y Tesorero    ENRIQUE JOS\u00c9 CATALINAS ARACIL<br>Vocal                             ROC\u00cdO RODR\u00cdGUEZ GARC\u00cdA<br>Vocal                             MAR\u00cdA JOS\u00c9 PASCUAL DE LA LLANA SOLER<\/p>\n\n\n\n<p class=\"has-vivid-cyan-blue-color has-text-color has-link-color has-medium-font-size wp-elements-f941e626cdd9dfa53a917efed90fa62e\"><strong>ASAMBLEA GENERAL<\/strong><\/p>\n\n\n\n<p><strong>ESTAMENTO DE CLUBES<\/strong> <\/p>\n\n\n\n<p>CLUB VIRKA MELILLA GRD<\/p>\n<\/div>\n\n\n\n<div class=\"wp-block-group is-vertical is-layout-flex wp-container-core-group-is-layout-2 wp-block-group-is-layout-flex\">\n<p><strong>ESTAMENTO DE GIMNASTAS<\/strong> <\/p>\n\n\n\n<p>MAR\u00cdA IMBRODA VILLEGAS<\/p>\n\n\n\n<p>NAYLA MOHAMED BUZZIAN<\/p>\n\n\n\n<p>LUCIA NAVARRO L\u00d3PEZ<\/p>\n<\/div>\n\n\n\n<div class=\"wp-block-group is-vertical is-layout-flex wp-container-core-group-is-layout-3 wp-block-group-is-layout-flex\">\n<p><strong>ESTAMENTO DE T\u00c9CNICOS<\/strong><\/p>\n\n\n\n<p>MARTA TORMO TRASVERSO<\/p>\n<\/div>\n\n\n\n<div class=\"wp-block-group is-vertical is-layout-flex wp-container-core-group-is-layout-4 wp-block-group-is-layout-flex\">\n<p><strong>ESTAMENTO DE JUECES<\/strong><\/p>\n\n\n\n<p>VIRGINIA CATALINAS CONCA<\/p>\n<\/div>\n\n\n\n<p class=\"has-vivid-cyan-blue-color has-text-color has-link-color has-medium-font-size wp-elements-a7eeb195976945d2df637bb4b7d38297\"><strong>COMISI\u00d3N DELEGADA<\/strong><\/p>\n\n\n\n<p>Como representante de Clubes por el club Virka Melilla<br>ALBA DOM\u00cdNGUEZ PLEGUEZUELOS<br>Como representante de Jueces <br>VIRGINIA CATALINAS CONCA<br>Como representante de T\u00e9cnicos <br>MARTA TORMO TRASVERSO<br>Como representante de Gimnastas <br>LUCIA NAVARRO L\u00d3PEZ<\/p>\n\n\n\n<p><\/p>\n","protected":false},"excerpt":{"rendered":"<p>JUNTA DIRECTIVA Presidenta MAR\u00cdA JES\u00daS CONCA DELGADO Vicepresidenta CRISTINA MORENO MEJIASSecretario y Tesorero ENRIQUE JOS\u00c9 CATALINAS ARACILVocal ROC\u00cdO RODR\u00cdGUEZ GARC\u00cdAVocal MAR\u00cdA JOS\u00c9 PASCUAL DE LA LLANA SOLER ASAMBLEA GENERAL ESTAMENTO DE CLUBES CLUB VIRKA MELILLA GRD ESTAMENTO DE GIMNASTAS MAR\u00cdA IMBRODA VILLEGAS NAYLA MOHAMED BUZZIAN LUCIA NAVARRO L\u00d3PEZ ESTAMENTO DE T\u00c9CNICOS MARTA TORMO TRASVERSO ESTAMENTO DE JUECES VIRGINIA CATALINAS CONCA COMISI\u00d3N DELEGADA Como representante de Clubes por el club Virka MelillaALBA DOM\u00cdNGUEZ PLEGUEZUELOSComo representante de Jueces VIRGINIA CATALINAS CONCAComo representante de T\u00e9cnicos MARTA TORMO TRASVERSOComo representante de Gimnastas LUCIA NAVARRO L\u00d3PEZ<\/p>\n","protected":false},"author":1,"featured_media":0,"parent":0,"menu_order":0,"comment_status":"closed","ping_status":"closed","template":"","meta":{"footnotes":""},"class_list":["post-83","page","type-page","status-publish"],"yoast_head":"<!-- This site is optimized with the Yoast SEO plugin v21.7 - https:\/\/yoast.com\/wordpress\/plugins\/seo\/ -->\n<title>\u00d3rganos Directivos - R\u00edtmica Melilla<\/title>\n<meta name=\"robots\" content=\"index, follow, max-snippet:-1, max-image-preview:large, max-video-preview:-1\" \/>\n<link rel=\"canonical\" href=\"http:\/\/ritmicamelilla.com\/?page_id=83\" \/>\n<meta property=\"og:locale\" content=\"es_ES\" \/>\n<meta property=\"og:type\" content=\"article\" \/>\n<meta property=\"og:title\" content=\"\u00d3rganos Directivos - R\u00edtmica Melilla\" \/>\n<meta property=\"og:description\" content=\"JUNTA DIRECTIVA Presidenta MAR\u00cdA JES\u00daS CONCA DELGADO Vicepresidenta CRISTINA MORENO MEJIASSecretario y Tesorero ENRIQUE JOS\u00c9 CATALINAS ARACILVocal ROC\u00cdO RODR\u00cdGUEZ GARC\u00cdAVocal MAR\u00cdA JOS\u00c9 PASCUAL DE LA LLANA SOLER ASAMBLEA GENERAL ESTAMENTO DE CLUBES CLUB VIRKA MELILLA GRD ESTAMENTO DE GIMNASTAS MAR\u00cdA IMBRODA VILLEGAS NAYLA MOHAMED BUZZIAN LUCIA NAVARRO L\u00d3PEZ ESTAMENTO DE T\u00c9CNICOS MARTA TORMO TRASVERSO ESTAMENTO DE JUECES VIRGINIA CATALINAS CONCA COMISI\u00d3N DELEGADA Como representante de Clubes por el club Virka MelillaALBA DOM\u00cdNGUEZ PLEGUEZUELOSComo representante de Jueces VIRGINIA CATALINAS CONCAComo representante de T\u00e9cnicos MARTA TORMO TRASVERSOComo representante de Gimnastas LUCIA NAVARRO L\u00d3PEZ\" \/>\n<meta property=\"og:url\" content=\"http:\/\/ritmicamelilla.com\/?page_id=83\" \/>\n<meta property=\"og:site_name\" content=\"R\u00edtmica Melilla\" \/>\n<meta property=\"article:modified_time\" content=\"2025-02-16T21:22:33+00:00\" \/>\n<meta name=\"twitter:card\" content=\"summary_large_image\" \/>\n<meta name=\"twitter:label1\" content=\"Tiempo de lectura\" \/>\n\t<meta name=\"twitter:data1\" content=\"1 minuto\" \/>\n<script type=\"application\/ld+json\" class=\"yoast-schema-graph\">{\"@context\":\"https:\/\/schema.org\",\"@graph\":[{\"@type\":\"WebPage\",\"@id\":\"http:\/\/ritmicamelilla.com\/?page_id=83\",\"url\":\"http:\/\/ritmicamelilla.com\/?page_id=83\",\"name\":\"\u00d3rganos Directivos - R\u00edtmica Melilla\",\"isPartOf\":{\"@id\":\"http:\/\/ritmicamelilla.com\/#website\"},\"datePublished\":\"2021-01-30T19:49:51+00:00\",\"dateModified\":\"2025-02-16T21:22:33+00:00\",\"breadcrumb\":{\"@id\":\"http:\/\/ritmicamelilla.com\/?page_id=83#breadcrumb\"},\"inLanguage\":\"es\",\"potentialAction\":[{\"@type\":\"ReadAction\",\"target\":[\"http:\/\/ritmicamelilla.com\/?page_id=83\"]}]},{\"@type\":\"BreadcrumbList\",\"@id\":\"http:\/\/ritmicamelilla.com\/?page_id=83#breadcrumb\",\"itemListElement\":[{\"@type\":\"ListItem\",\"position\":1,\"name\":\"Portada\",\"item\":\"http:\/\/ritmicamelilla.com\/\"},{\"@type\":\"ListItem\",\"position\":2,\"name\":\"\u00d3rganos Directivos\"}]},{\"@type\":\"WebSite\",\"@id\":\"http:\/\/ritmicamelilla.com\/#website\",\"url\":\"http:\/\/ritmicamelilla.com\/\",\"name\":\"R\u00edtmica Melilla\",\"description\":\"P\u00e1gina de la federacion melillense de gimnasia\",\"publisher\":{\"@id\":\"http:\/\/ritmicamelilla.com\/#organization\"},\"potentialAction\":[{\"@type\":\"SearchAction\",\"target\":{\"@type\":\"EntryPoint\",\"urlTemplate\":\"http:\/\/ritmicamelilla.com\/?s={search_term_string}\"},\"query-input\":\"required name=search_term_string\"}],\"inLanguage\":\"es\"},{\"@type\":\"Organization\",\"@id\":\"http:\/\/ritmicamelilla.com\/#organization\",\"name\":\"Federaci\u00f3n Melillense de Gimnasia R\u00edtmica\",\"alternateName\":\"FMLG\",\"url\":\"http:\/\/ritmicamelilla.com\/\",\"logo\":{\"@type\":\"ImageObject\",\"inLanguage\":\"es\",\"@id\":\"http:\/\/ritmicamelilla.com\/#\/schema\/logo\/image\/\",\"url\":\"http:\/\/ritmicamelilla.com\/wp-content\/uploads\/2021\/01\/logofmtr-1.png\",\"contentUrl\":\"http:\/\/ritmicamelilla.com\/wp-content\/uploads\/2021\/01\/logofmtr-1.png\",\"width\":120,\"height\":80,\"caption\":\"Federaci\u00f3n Melillense de Gimnasia R\u00edtmica\"},\"image\":{\"@id\":\"http:\/\/ritmicamelilla.com\/#\/schema\/logo\/image\/\"}}]}<\/script>\n<!-- \/ Yoast SEO plugin. -->","yoast_head_json":{"title":"\u00d3rganos Directivos - R\u00edtmica Melilla","robots":{"index":"index","follow":"follow","max-snippet":"max-snippet:-1","max-image-preview":"max-image-preview:large","max-video-preview":"max-video-preview:-1"},"canonical":"http:\/\/ritmicamelilla.com\/?page_id=83","og_locale":"es_ES","og_type":"article","og_title":"\u00d3rganos Directivos - R\u00edtmica Melilla","og_description":"JUNTA DIRECTIVA Presidenta MAR\u00cdA JES\u00daS CONCA DELGADO Vicepresidenta CRISTINA MORENO MEJIASSecretario y Tesorero ENRIQUE JOS\u00c9 CATALINAS ARACILVocal ROC\u00cdO RODR\u00cdGUEZ GARC\u00cdAVocal MAR\u00cdA JOS\u00c9 PASCUAL DE LA LLANA SOLER ASAMBLEA GENERAL ESTAMENTO DE CLUBES CLUB VIRKA MELILLA GRD ESTAMENTO DE GIMNASTAS MAR\u00cdA IMBRODA VILLEGAS NAYLA MOHAMED BUZZIAN LUCIA NAVARRO L\u00d3PEZ ESTAMENTO DE T\u00c9CNICOS MARTA TORMO TRASVERSO ESTAMENTO DE JUECES VIRGINIA CATALINAS CONCA COMISI\u00d3N DELEGADA Como representante de Clubes por el club Virka MelillaALBA DOM\u00cdNGUEZ PLEGUEZUELOSComo representante de Jueces VIRGINIA CATALINAS CONCAComo representante de T\u00e9cnicos MARTA TORMO TRASVERSOComo representante de Gimnastas LUCIA NAVARRO L\u00d3PEZ","og_url":"http:\/\/ritmicamelilla.com\/?page_id=83","og_site_name":"R\u00edtmica Melilla","article_modified_time":"2025-02-16T21:22:33+00:00","twitter_card":"summary_large_image","twitter_misc":{"Tiempo de lectura":"1 minuto"},"schema":{"@context":"https:\/\/schema.org","@graph":[{"@type":"WebPage","@id":"http:\/\/ritmicamelilla.com\/?page_id=83","url":"http:\/\/ritmicamelilla.com\/?page_id=83","name":"\u00d3rganos Directivos - R\u00edtmica Melilla","isPartOf":{"@id":"http:\/\/ritmicamelilla.com\/#website"},"datePublished":"2021-01-30T19:49:51+00:00","dateModified":"2025-02-16T21:22:33+00:00","breadcrumb":{"@id":"http:\/\/ritmicamelilla.com\/?page_id=83#breadcrumb"},"inLanguage":"es","potentialAction":[{"@type":"ReadAction","target":["http:\/\/ritmicamelilla.com\/?page_id=83"]}]},{"@type":"BreadcrumbList","@id":"http:\/\/ritmicamelilla.com\/?page_id=83#breadcrumb","itemListElement":[{"@type":"ListItem","position":1,"name":"Portada","item":"http:\/\/ritmicamelilla.com\/"},{"@type":"ListItem","position":2,"name":"\u00d3rganos Directivos"}]},{"@type":"WebSite","@id":"http:\/\/ritmicamelilla.com\/#website","url":"http:\/\/ritmicamelilla.com\/","name":"R\u00edtmica Melilla","description":"P\u00e1gina de la federacion melillense de gimnasia","publisher":{"@id":"http:\/\/ritmicamelilla.com\/#organization"},"potentialAction":[{"@type":"SearchAction","target":{"@type":"EntryPoint","urlTemplate":"http:\/\/ritmicamelilla.com\/?s={search_term_string}"},"query-input":"required name=search_term_string"}],"inLanguage":"es"},{"@type":"Organization","@id":"http:\/\/ritmicamelilla.com\/#organization","name":"Federaci\u00f3n Melillense de Gimnasia R\u00edtmica","alternateName":"FMLG","url":"http:\/\/ritmicamelilla.com\/","logo":{"@type":"ImageObject","inLanguage":"es","@id":"http:\/\/ritmicamelilla.com\/#\/schema\/logo\/image\/","url":"http:\/\/ritmicamelilla.com\/wp-content\/uploads\/2021\/01\/logofmtr-1.png","contentUrl":"http:\/\/ritmicamelilla.com\/wp-content\/uploads\/2021\/01\/logofmtr-1.png","width":120,"height":80,"caption":"Federaci\u00f3n Melillense de Gimnasia R\u00edtmica"},"image":{"@id":"http:\/\/ritmicamelilla.com\/#\/schema\/logo\/image\/"}}]}},"_links":{"self":[{"href":"http:\/\/ritmicamelilla.com\/index.php?rest_route=\/wp\/v2\/pages\/83","targetHints":{"allow":["GET"]}}],"collection":[{"href":"http:\/\/ritmicamelilla.com\/index.php?rest_route=\/wp\/v2\/pages"}],"about":[{"href":"http:\/\/ritmicamelilla.com\/index.php?rest_route=\/wp\/v2\/types\/page"}],"author":[{"embeddable":true,"href":"http:\/\/ritmicamelilla.com\/index.php?rest_route=\/wp\/v2\/users\/1"}],"replies":[{"embeddable":true,"href":"http:\/\/ritmicamelilla.com\/index.php?rest_route=%2Fwp%2Fv2%2Fcomments&post=83"}],"version-history":[{"count":6,"href":"http:\/\/ritmicamelilla.com\/index.php?rest_route=\/wp\/v2\/pages\/83\/revisions"}],"predecessor-version":[{"id":997,"href":"http:\/\/ritmicamelilla.com\/index.php?rest_route=\/wp\/v2\/pages\/83\/revisions\/997"}],"wp:attachment":[{"href":"http:\/\/ritmicamelilla.com\/index.php?rest_route=%2Fwp%2Fv2%2Fmedia&parent=83"}],"curies":[{"name":"wp","href":"https:\/\/api.w.org\/{rel}","templated":true}]}}