{"id":88,"date":"2021-01-30T20:44:08","date_gmt":"2021-01-30T20:44:08","guid":{"rendered":"http:\/\/ritmicamelilla.com\/?page_id=88"},"modified":"2024-07-24T23:43:14","modified_gmt":"2024-07-24T23:43:14","slug":"88-2","status":"publish","type":"page","link":"http:\/\/ritmicamelilla.com\/?page_id=88","title":{"rendered":"Premios Melilla Deporte"},"content":{"rendered":"\n<p>HISTORIAL DE LAS MEJORES DEPORTISTAS ESCOLARES GALARDONADAS POR LA CIUDAD AUT\u00f3NOMA DE MELILLA.<\/p>\n\n\n\n<p>2001 MARINA MANZANARES<\/p>\n\n\n\n<p>2002 PILAR PARENTE G\u00d3MEZ<\/p>\n\n\n\n<p>2003 ALBA I\u00d1IGO MOHAMED<\/p>\n\n\n\n<p><img decoding=\"async\" src=\"fotosweb\/mejordepor\/mejordeportista%20ajustadas\/2003%20%20Alba%20Inigo.jpg\"><\/p>\n\n\n\n<p>2004 MARIA TORTOSA MART\u00cdN<\/p>\n\n\n\n<p><img decoding=\"async\" src=\"fotosweb\/mejordepor\/mejordeportista%20ajustadas\/2004%20Maria%20Tortosa.jpg\"><\/p>\n\n\n\n<p>2005 PAULA ROMERO MIRALLES<\/p>\n\n\n\n<p><img decoding=\"async\" src=\"fotosweb\/mejordepor\/mejordeportista%20ajustadas\/2005%20Paula%20Romero.JPG\"><\/p>\n\n\n\n<p>2006 SANDRA GONZ\u00c1LEZ ENBAA<\/p>\n\n\n\n<p>2007 ELIA REMARTINEZ V\u00c1ZQUEZ<\/p>\n\n\n\n<p><img decoding=\"async\" src=\"fotosweb\/mejordepor\/mejordeportista%20ajustadas\/2007%20Elia%20Remartinez.jpg\"><\/p>\n\n\n\n<p>2008 ANA ALICIA MARMOLEJO PORTALES<\/p>\n\n\n\n<p><img decoding=\"async\" src=\"fotosweb\/mejordepor\/mejordeportista%20ajustadas\/2008%20Ana%20Alicia%20Marmolejo.jpg\"><\/p>\n\n\n\n<p>2009 RAQUEL BRAVO MONTES<\/p>\n\n\n\n<p><img decoding=\"async\" src=\"fotosweb\/mejordepor\/mejordeportista%20ajustadas\/2009%20Raquel%20Bravo.jpg\"><\/p>\n\n\n\n<p>2010 ANDREA BELLVER \u00c1LVAREZ<\/p>\n\n\n\n<p><img loading=\"lazy\" decoding=\"async\" src=\"fotosweb\/mejordepor\/imagen108.jpg\" width=\"390\" height=\"280\"><\/p>\n\n\n\n<p>2011 MARIA IMBRODA VILLEGAS<\/p>\n\n\n\n<p><img loading=\"lazy\" decoding=\"async\" src=\"mejores%20deportistas\/2011%20maria%20imbroda.jpg\" width=\"390\" height=\"280\"><\/p>\n\n\n\n<p>2012 MARIA ANDREU TENORIO<\/p>\n\n\n\n<p>2013 MIREIA GUTIERREZ G\u00d3MEZ<\/p>\n\n\n\n<p><img loading=\"lazy\" decoding=\"async\" src=\"fotosweb\/mejordepor\/mireiamejdep13.JPG\" width=\"390\" height=\"280\"><\/p>\n\n\n\n<p>2014 PATRICIA IMBRODA VILLEGAS<\/p>\n\n\n\n<p><img loading=\"lazy\" decoding=\"async\" src=\"fotosweb\/mejordepor\/patricia3.jpg\" width=\"390\" height=\"280\"><\/p>\n\n\n\n<p>2015 MARTA ALBARRAC\u00cd\u008dN RUIZ<\/p>\n\n\n\n<p><img loading=\"lazy\" decoding=\"async\" src=\"mejores%20deportistas\/2015%20Marta%20Albarracin\" width=\"390\" height=\"280\"><\/p>\n\n\n\n<p>2016 MARIA JES\u00daS CABO GUTI\u00c9RREZ<\/p>\n\n\n\n<p><img loading=\"lazy\" decoding=\"async\" src=\"2017\/IMG_6813.JPG\" width=\"390\" height=\"280\"><\/p>\n\n\n\n<p>2017 OLIVA PRADAL S\u00c1NCHEZ<\/p>\n\n\n\n<p>2018 ELENA P\u00c9REZ P\u00c9REZ<\/p>\n\n\n\n<figure class=\"wp-block-image size-large is-resized\"><img loading=\"lazy\" decoding=\"async\" width=\"929\" height=\"631\" src=\"http:\/\/ritmicamelilla.com\/wp-content\/uploads\/2021\/01\/ELENA-929x631.jpg\" alt=\"\" class=\"wp-image-90\" style=\"width:386px;height:261px\" srcset=\"http:\/\/ritmicamelilla.com\/wp-content\/uploads\/2021\/01\/ELENA.jpg 929w, http:\/\/ritmicamelilla.com\/wp-content\/uploads\/2021\/01\/ELENA-768x521.jpg 768w\" sizes=\"auto, (max-width: 929px) 100vw, 929px\" \/><\/figure>\n\n\n\n<p>2019 LUCIA NAVARRO L\u00d3PEZ y DAVID DOVAL BELTRAN<\/p>\n\n\n\n<figure class=\"wp-block-image size-large is-resized\"><img loading=\"lazy\" decoding=\"async\" width=\"1024\" height=\"1024\" src=\"http:\/\/ritmicamelilla.com\/wp-content\/uploads\/2023\/08\/entrega-1024x1024.jpeg\" alt=\"\" class=\"wp-image-745\" style=\"width:341px;height:341px\" srcset=\"http:\/\/ritmicamelilla.com\/wp-content\/uploads\/2023\/08\/entrega-1024x1024.jpeg 1024w, http:\/\/ritmicamelilla.com\/wp-content\/uploads\/2023\/08\/entrega-300x300.jpeg 300w, http:\/\/ritmicamelilla.com\/wp-content\/uploads\/2023\/08\/entrega-150x150.jpeg 150w\" sizes=\"auto, (max-width: 1024px) 100vw, 1024px\" \/><\/figure>\n\n\n\n<p>2020 PANDEMIA<\/p>\n\n\n\n<p>2021 AIARA GARC\u00cdA FLORIDO y LEO FAUS ATENCIA<\/p>\n\n\n\n<figure class=\"wp-block-image size-large is-resized\"><img loading=\"lazy\" decoding=\"async\" width=\"1024\" height=\"1024\" src=\"http:\/\/ritmicamelilla.com\/wp-content\/uploads\/2023\/08\/aiara-garcia-y-leo-faus-1024x1024.jpeg\" alt=\"\" class=\"wp-image-746\" style=\"width:346px;height:346px\" srcset=\"http:\/\/ritmicamelilla.com\/wp-content\/uploads\/2023\/08\/aiara-garcia-y-leo-faus-1024x1024.jpeg 1024w, http:\/\/ritmicamelilla.com\/wp-content\/uploads\/2023\/08\/aiara-garcia-y-leo-faus-300x300.jpeg 300w, http:\/\/ritmicamelilla.com\/wp-content\/uploads\/2023\/08\/aiara-garcia-y-leo-faus-150x150.jpeg 150w, http:\/\/ritmicamelilla.com\/wp-content\/uploads\/2023\/08\/aiara-garcia-y-leo-faus-1536x1536.jpeg 1536w\" sizes=\"auto, (max-width: 1024px) 100vw, 1024px\" \/><\/figure>\n\n\n\n<p>2022\/2023<\/p>\n\n\n\n<p>LEO FAUS ATENCIA 2022 Y 2023<\/p>\n\n\n\n<p>NAYLA MOHAMED BUSSIAN 2023 Y VER\u00d3NICA SOUSA GRANJA 2022<\/p>\n\n\n\n<figure class=\"wp-block-gallery has-nested-images columns-default is-cropped wp-block-gallery-1 is-layout-flex wp-block-gallery-is-layout-flex\">\n<figure class=\"wp-block-image size-large\"><img loading=\"lazy\" decoding=\"async\" width=\"807\" height=\"540\" data-id=\"873\" src=\"http:\/\/ritmicamelilla.com\/wp-content\/uploads\/2024\/07\/leo-2022-23-1-807x540.jpg\" alt=\"\" class=\"wp-image-873\" srcset=\"http:\/\/ritmicamelilla.com\/wp-content\/uploads\/2024\/07\/leo-2022-23-1.jpg 807w, http:\/\/ritmicamelilla.com\/wp-content\/uploads\/2024\/07\/leo-2022-23-1-768x513.jpg 768w\" sizes=\"auto, (max-width: 807px) 100vw, 807px\" \/><\/figure>\n\n\n\n<figure class=\"wp-block-image size-large\"><img loading=\"lazy\" decoding=\"async\" width=\"526\" height=\"701\" data-id=\"874\" src=\"http:\/\/ritmicamelilla.com\/wp-content\/uploads\/2024\/07\/nayla-y-vero-526x701.jpg\" alt=\"\" class=\"wp-image-874\"\/><\/figure>\n<\/figure>\n\n\n","protected":false},"excerpt":{"rendered":"<p>HISTORIAL DE LAS MEJORES DEPORTISTAS ESCOLARES GALARDONADAS POR LA CIUDAD AUT\u00f3NOMA DE MELILLA. 2001 MARINA MANZANARES 2002 PILAR PARENTE G\u00d3MEZ 2003 ALBA I\u00d1IGO MOHAMED 2004 MARIA TORTOSA MART\u00cdN 2005 PAULA ROMERO MIRALLES 2006 SANDRA GONZ\u00c1LEZ ENBAA 2007 ELIA REMARTINEZ V\u00c1ZQUEZ 2008 ANA ALICIA MARMOLEJO PORTALES 2009 RAQUEL BRAVO MONTES 2010 ANDREA BELLVER \u00c1LVAREZ 2011 MARIA IMBRODA VILLEGAS 2012 MARIA ANDREU TENORIO 2013 MIREIA GUTIERREZ G\u00d3MEZ 2014 PATRICIA IMBRODA VILLEGAS 2015 MARTA ALBARRAC\u00cd\u008dN RUIZ 2016 MARIA JES\u00daS CABO GUTI\u00c9RREZ 2017 OLIVA PRADAL S\u00c1NCHEZ 2018 ELENA P\u00c9REZ P\u00c9REZ 2019 LUCIA NAVARRO L\u00d3PEZ y DAVID DOVAL BELTRAN 2020 PANDEMIA 2021 AIARA GARC\u00cdA FLORIDO y LEO FAUS ATENCIA 2022\/2023 LEO FAUS ATENCIA 2022 Y 2023 NAYLA MOHAMED BUSSIAN 2023 Y VER\u00d3NICA SOUSA GRANJA 2022<\/p>\n","protected":false},"author":1,"featured_media":0,"parent":0,"menu_order":0,"comment_status":"closed","ping_status":"closed","template":"","meta":{"footnotes":""},"class_list":["post-88","page","type-page","status-publish"],"yoast_head":"<!-- This site is optimized with the Yoast SEO plugin v21.7 - https:\/\/yoast.com\/wordpress\/plugins\/seo\/ -->\n<title>Premios Melilla Deporte - R\u00edtmica Melilla<\/title>\n<meta name=\"robots\" content=\"index, follow, max-snippet:-1, max-image-preview:large, max-video-preview:-1\" \/>\n<link rel=\"canonical\" href=\"http:\/\/ritmicamelilla.com\/?page_id=88\" \/>\n<meta property=\"og:locale\" content=\"es_ES\" \/>\n<meta property=\"og:type\" content=\"article\" \/>\n<meta property=\"og:title\" content=\"Premios Melilla Deporte - R\u00edtmica Melilla\" \/>\n<meta property=\"og:description\" content=\"HISTORIAL DE LAS MEJORES DEPORTISTAS ESCOLARES GALARDONADAS POR LA CIUDAD AUT\u00f3NOMA DE MELILLA. 2001 MARINA MANZANARES 2002 PILAR PARENTE G\u00d3MEZ 2003 ALBA I\u00d1IGO MOHAMED 2004 MARIA TORTOSA MART\u00cdN 2005 PAULA ROMERO MIRALLES 2006 SANDRA GONZ\u00c1LEZ ENBAA 2007 ELIA REMARTINEZ V\u00c1ZQUEZ 2008 ANA ALICIA MARMOLEJO PORTALES 2009 RAQUEL BRAVO MONTES 2010 ANDREA BELLVER \u00c1LVAREZ 2011 MARIA IMBRODA VILLEGAS 2012 MARIA ANDREU TENORIO 2013 MIREIA GUTIERREZ G\u00d3MEZ 2014 PATRICIA IMBRODA VILLEGAS 2015 MARTA ALBARRAC\u00cd\u008dN RUIZ 2016 MARIA JES\u00daS CABO GUTI\u00c9RREZ 2017 OLIVA PRADAL S\u00c1NCHEZ 2018 ELENA P\u00c9REZ P\u00c9REZ 2019 LUCIA NAVARRO L\u00d3PEZ y DAVID DOVAL BELTRAN 2020 PANDEMIA 2021 AIARA GARC\u00cdA FLORIDO y LEO FAUS ATENCIA 2022\/2023 LEO FAUS ATENCIA 2022 Y 2023 NAYLA MOHAMED BUSSIAN 2023 Y VER\u00d3NICA SOUSA GRANJA 2022\" \/>\n<meta property=\"og:url\" content=\"http:\/\/ritmicamelilla.com\/?page_id=88\" \/>\n<meta property=\"og:site_name\" content=\"R\u00edtmica Melilla\" \/>\n<meta property=\"article:modified_time\" content=\"2024-07-24T23:43:14+00:00\" \/>\n<meta property=\"og:image\" content=\"http:\/\/ritmicamelilla.com\/wp-content\/uploads\/2021\/01\/ELENA-929x631.jpg\" \/>\n<meta name=\"twitter:card\" content=\"summary_large_image\" \/>\n<meta name=\"twitter:label1\" content=\"Tiempo de lectura\" \/>\n\t<meta name=\"twitter:data1\" content=\"5 minutos\" \/>\n<script type=\"application\/ld+json\" class=\"yoast-schema-graph\">{\"@context\":\"https:\/\/schema.org\",\"@graph\":[{\"@type\":\"WebPage\",\"@id\":\"http:\/\/ritmicamelilla.com\/?page_id=88\",\"url\":\"http:\/\/ritmicamelilla.com\/?page_id=88\",\"name\":\"Premios Melilla Deporte - R\u00edtmica Melilla\",\"isPartOf\":{\"@id\":\"http:\/\/ritmicamelilla.com\/#website\"},\"datePublished\":\"2021-01-30T20:44:08+00:00\",\"dateModified\":\"2024-07-24T23:43:14+00:00\",\"breadcrumb\":{\"@id\":\"http:\/\/ritmicamelilla.com\/?page_id=88#breadcrumb\"},\"inLanguage\":\"es\",\"potentialAction\":[{\"@type\":\"ReadAction\",\"target\":[\"http:\/\/ritmicamelilla.com\/?page_id=88\"]}]},{\"@type\":\"BreadcrumbList\",\"@id\":\"http:\/\/ritmicamelilla.com\/?page_id=88#breadcrumb\",\"itemListElement\":[{\"@type\":\"ListItem\",\"position\":1,\"name\":\"Portada\",\"item\":\"http:\/\/ritmicamelilla.com\/\"},{\"@type\":\"ListItem\",\"position\":2,\"name\":\"Premios Melilla Deporte\"}]},{\"@type\":\"WebSite\",\"@id\":\"http:\/\/ritmicamelilla.com\/#website\",\"url\":\"http:\/\/ritmicamelilla.com\/\",\"name\":\"R\u00edtmica Melilla\",\"description\":\"P\u00e1gina de la federacion melillense de gimnasia\",\"publisher\":{\"@id\":\"http:\/\/ritmicamelilla.com\/#organization\"},\"potentialAction\":[{\"@type\":\"SearchAction\",\"target\":{\"@type\":\"EntryPoint\",\"urlTemplate\":\"http:\/\/ritmicamelilla.com\/?s={search_term_string}\"},\"query-input\":\"required name=search_term_string\"}],\"inLanguage\":\"es\"},{\"@type\":\"Organization\",\"@id\":\"http:\/\/ritmicamelilla.com\/#organization\",\"name\":\"Federaci\u00f3n Melillense de Gimnasia R\u00edtmica\",\"alternateName\":\"FMLG\",\"url\":\"http:\/\/ritmicamelilla.com\/\",\"logo\":{\"@type\":\"ImageObject\",\"inLanguage\":\"es\",\"@id\":\"http:\/\/ritmicamelilla.com\/#\/schema\/logo\/image\/\",\"url\":\"http:\/\/ritmicamelilla.com\/wp-content\/uploads\/2021\/01\/logofmtr-1.png\",\"contentUrl\":\"http:\/\/ritmicamelilla.com\/wp-content\/uploads\/2021\/01\/logofmtr-1.png\",\"width\":120,\"height\":80,\"caption\":\"Federaci\u00f3n Melillense de Gimnasia R\u00edtmica\"},\"image\":{\"@id\":\"http:\/\/ritmicamelilla.com\/#\/schema\/logo\/image\/\"}}]}<\/script>\n<!-- \/ Yoast SEO plugin. -->","yoast_head_json":{"title":"Premios Melilla Deporte - R\u00edtmica Melilla","robots":{"index":"index","follow":"follow","max-snippet":"max-snippet:-1","max-image-preview":"max-image-preview:large","max-video-preview":"max-video-preview:-1"},"canonical":"http:\/\/ritmicamelilla.com\/?page_id=88","og_locale":"es_ES","og_type":"article","og_title":"Premios Melilla Deporte - R\u00edtmica Melilla","og_description":"HISTORIAL DE LAS MEJORES DEPORTISTAS ESCOLARES GALARDONADAS POR LA CIUDAD AUT\u00f3NOMA DE MELILLA. 2001 MARINA MANZANARES 2002 PILAR PARENTE G\u00d3MEZ 2003 ALBA I\u00d1IGO MOHAMED 2004 MARIA TORTOSA MART\u00cdN 2005 PAULA ROMERO MIRALLES 2006 SANDRA GONZ\u00c1LEZ ENBAA 2007 ELIA REMARTINEZ V\u00c1ZQUEZ 2008 ANA ALICIA MARMOLEJO PORTALES 2009 RAQUEL BRAVO MONTES 2010 ANDREA BELLVER \u00c1LVAREZ 2011 MARIA IMBRODA VILLEGAS 2012 MARIA ANDREU TENORIO 2013 MIREIA GUTIERREZ G\u00d3MEZ 2014 PATRICIA IMBRODA VILLEGAS 2015 MARTA ALBARRAC\u00cd\u008dN RUIZ 2016 MARIA JES\u00daS CABO GUTI\u00c9RREZ 2017 OLIVA PRADAL S\u00c1NCHEZ 2018 ELENA P\u00c9REZ P\u00c9REZ 2019 LUCIA NAVARRO L\u00d3PEZ y DAVID DOVAL BELTRAN 2020 PANDEMIA 2021 AIARA GARC\u00cdA FLORIDO y LEO FAUS ATENCIA 2022\/2023 LEO FAUS ATENCIA 2022 Y 2023 NAYLA MOHAMED BUSSIAN 2023 Y VER\u00d3NICA SOUSA GRANJA 2022","og_url":"http:\/\/ritmicamelilla.com\/?page_id=88","og_site_name":"R\u00edtmica Melilla","article_modified_time":"2024-07-24T23:43:14+00:00","og_image":[{"url":"http:\/\/ritmicamelilla.com\/wp-content\/uploads\/2021\/01\/ELENA-929x631.jpg"}],"twitter_card":"summary_large_image","twitter_misc":{"Tiempo de lectura":"5 minutos"},"schema":{"@context":"https:\/\/schema.org","@graph":[{"@type":"WebPage","@id":"http:\/\/ritmicamelilla.com\/?page_id=88","url":"http:\/\/ritmicamelilla.com\/?page_id=88","name":"Premios Melilla Deporte - R\u00edtmica Melilla","isPartOf":{"@id":"http:\/\/ritmicamelilla.com\/#website"},"datePublished":"2021-01-30T20:44:08+00:00","dateModified":"2024-07-24T23:43:14+00:00","breadcrumb":{"@id":"http:\/\/ritmicamelilla.com\/?page_id=88#breadcrumb"},"inLanguage":"es","potentialAction":[{"@type":"ReadAction","target":["http:\/\/ritmicamelilla.com\/?page_id=88"]}]},{"@type":"BreadcrumbList","@id":"http:\/\/ritmicamelilla.com\/?page_id=88#breadcrumb","itemListElement":[{"@type":"ListItem","position":1,"name":"Portada","item":"http:\/\/ritmicamelilla.com\/"},{"@type":"ListItem","position":2,"name":"Premios Melilla Deporte"}]},{"@type":"WebSite","@id":"http:\/\/ritmicamelilla.com\/#website","url":"http:\/\/ritmicamelilla.com\/","name":"R\u00edtmica Melilla","description":"P\u00e1gina de la federacion melillense de gimnasia","publisher":{"@id":"http:\/\/ritmicamelilla.com\/#organization"},"potentialAction":[{"@type":"SearchAction","target":{"@type":"EntryPoint","urlTemplate":"http:\/\/ritmicamelilla.com\/?s={search_term_string}"},"query-input":"required name=search_term_string"}],"inLanguage":"es"},{"@type":"Organization","@id":"http:\/\/ritmicamelilla.com\/#organization","name":"Federaci\u00f3n Melillense de Gimnasia R\u00edtmica","alternateName":"FMLG","url":"http:\/\/ritmicamelilla.com\/","logo":{"@type":"ImageObject","inLanguage":"es","@id":"http:\/\/ritmicamelilla.com\/#\/schema\/logo\/image\/","url":"http:\/\/ritmicamelilla.com\/wp-content\/uploads\/2021\/01\/logofmtr-1.png","contentUrl":"http:\/\/ritmicamelilla.com\/wp-content\/uploads\/2021\/01\/logofmtr-1.png","width":120,"height":80,"caption":"Federaci\u00f3n Melillense de Gimnasia R\u00edtmica"},"image":{"@id":"http:\/\/ritmicamelilla.com\/#\/schema\/logo\/image\/"}}]}},"_links":{"self":[{"href":"http:\/\/ritmicamelilla.com\/index.php?rest_route=\/wp\/v2\/pages\/88","targetHints":{"allow":["GET"]}}],"collection":[{"href":"http:\/\/ritmicamelilla.com\/index.php?rest_route=\/wp\/v2\/pages"}],"about":[{"href":"http:\/\/ritmicamelilla.com\/index.php?rest_route=\/wp\/v2\/types\/page"}],"author":[{"embeddable":true,"href":"http:\/\/ritmicamelilla.com\/index.php?rest_route=\/wp\/v2\/users\/1"}],"replies":[{"embeddable":true,"href":"http:\/\/ritmicamelilla.com\/index.php?rest_route=%2Fwp%2Fv2%2Fcomments&post=88"}],"version-history":[{"count":9,"href":"http:\/\/ritmicamelilla.com\/index.php?rest_route=\/wp\/v2\/pages\/88\/revisions"}],"predecessor-version":[{"id":875,"href":"http:\/\/ritmicamelilla.com\/index.php?rest_route=\/wp\/v2\/pages\/88\/revisions\/875"}],"wp:attachment":[{"href":"http:\/\/ritmicamelilla.com\/index.php?rest_route=%2Fwp%2Fv2%2Fmedia&parent=88"}],"curies":[{"name":"wp","href":"https:\/\/api.w.org\/{rel}","templated":true}]}}