{"id":96,"date":"2021-01-30T21:07:54","date_gmt":"2021-01-30T21:07:54","guid":{"rendered":"http:\/\/ritmicamelilla.com\/?page_id=96"},"modified":"2023-12-04T20:19:22","modified_gmt":"2023-12-04T20:19:22","slug":"proyecto-deportivo","status":"publish","type":"page","link":"http:\/\/ritmicamelilla.com\/?page_id=96","title":{"rendered":"Proyecto deportivo"},"content":{"rendered":"\n<p>ADMINISTRACION Y GESTI\u00d3N<br><br>Para el desarrollo de todas las actividades de la Federaci\u00f3n, es imprescindible disponer de un \u00f3rgano de gesti\u00f3n y administraci\u00f3n que permita la coordinaci\u00f3n de todas las actividades as\u00ed\u00ad como la necesaria documentaci\u00f3n y archivo generada, tanto de los aspectos institucionales y de relaci\u00f3n como econ\u00f3micos<br><br>PROYECTO DEPORTIVO<br><br>Este proyecto presenta la particularidad de estar dirigido principalmente a la mujer, a su formaci\u00f3n deportiva desde la infancia como parte de la formaci\u00f3n integral que nuestra sociedad preconiza. Pero incluye en el mismo la actividad deportiva masculina en sus modalidades deportivas<br><br>DESCRIPCI\u00d3N<br><br>La Federaci\u00f3n Melillense de Gimnasia cuenta en la actualidad con una estructura federativa completa e integrada en la Real Federaci\u00f3n Espa\u00f1ola de Gimnasia, estando representada con un miembro, en su Asamblea General.<br><br>OBJETIVOS GENERALES:<br>1 Ofrecer a la Ciudad la posibilidad de la pr\u00e1ctica de un deporte femenino para deportistas en edad escolar bajo la tutela de t\u00e9cnicos cualificados.<\/p>\n\n\n\n<p>2 Fomentar la pr\u00e1ctica de la gimnasia en nuestra Ciudad apoyando a los clubes locales con su asesoramiento.<br><br>3 Favorecer la formaci\u00f3n de t\u00e9cnicos.<br><br>OBJETIVOS DEPORTIVOS.<br>1 Mantenimiento y ampliaci\u00f3n de una Escuela Federativa.<\/p>\n\n\n\n<p>2 Organizaci\u00f3n de grupos de psicomotricidad  orientado a la iniciaci\u00f3n a la gimnasia.<\/p>\n\n\n\n<p>3 Organizaci\u00f3n de los Campeonatos Auton\u00f3micos de Gimnasia R\u00edtmica.<\/p>\n\n\n\n<p>4 Participaci\u00f3n en los Campeonatos Nacionales en las modalidades de Conjunto e individual.<\/p>\n\n\n\n<p class=\"has-text-align-left\"><br><br><br><br><br><br><br><\/p>\n","protected":false},"excerpt":{"rendered":"<p>ADMINISTRACION Y GESTI\u00d3N Para el desarrollo de todas las actividades de la Federaci\u00f3n, es imprescindible disponer de un \u00f3rgano de gesti\u00f3n y administraci\u00f3n que permita la coordinaci\u00f3n de todas las actividades as\u00ed\u00ad como la necesaria documentaci\u00f3n y archivo generada, tanto de los aspectos institucionales y de relaci\u00f3n como econ\u00f3micos PROYECTO DEPORTIVO Este proyecto presenta la particularidad de estar dirigido principalmente a la mujer, a su formaci\u00f3n deportiva desde la infancia como parte de la formaci\u00f3n integral que nuestra sociedad preconiza. Pero incluye en el mismo la actividad deportiva masculina en sus modalidades deportivas DESCRIPCI\u00d3N La Federaci\u00f3n Melillense de Gimnasia cuenta en la actualidad con una estructura federativa completa e integrada en la Real Federaci\u00f3n Espa\u00f1ola de Gimnasia, estando representada con un miembro, en su Asamblea General. OBJETIVOS GENERALES:1 Ofrecer a la Ciudad la posibilidad de la pr\u00e1ctica de un deporte femenino para deportistas en edad escolar bajo la tutela de<\/p>\n","protected":false},"author":1,"featured_media":0,"parent":0,"menu_order":0,"comment_status":"closed","ping_status":"closed","template":"","meta":{"footnotes":""},"class_list":["post-96","page","type-page","status-publish"],"yoast_head":"<!-- This site is optimized with the Yoast SEO plugin v21.7 - https:\/\/yoast.com\/wordpress\/plugins\/seo\/ -->\n<title>Proyecto deportivo - R\u00edtmica Melilla<\/title>\n<meta name=\"robots\" content=\"index, follow, max-snippet:-1, max-image-preview:large, max-video-preview:-1\" \/>\n<link rel=\"canonical\" href=\"http:\/\/ritmicamelilla.com\/?page_id=96\" \/>\n<meta property=\"og:locale\" content=\"es_ES\" \/>\n<meta property=\"og:type\" content=\"article\" \/>\n<meta property=\"og:title\" content=\"Proyecto deportivo - R\u00edtmica Melilla\" \/>\n<meta property=\"og:description\" content=\"ADMINISTRACION Y GESTI\u00d3N Para el desarrollo de todas las actividades de la Federaci\u00f3n, es imprescindible disponer de un \u00f3rgano de gesti\u00f3n y administraci\u00f3n que permita la coordinaci\u00f3n de todas las actividades as\u00ed\u00ad como la necesaria documentaci\u00f3n y archivo generada, tanto de los aspectos institucionales y de relaci\u00f3n como econ\u00f3micos PROYECTO DEPORTIVO Este proyecto presenta la particularidad de estar dirigido principalmente a la mujer, a su formaci\u00f3n deportiva desde la infancia como parte de la formaci\u00f3n integral que nuestra sociedad preconiza. Pero incluye en el mismo la actividad deportiva masculina en sus modalidades deportivas DESCRIPCI\u00d3N La Federaci\u00f3n Melillense de Gimnasia cuenta en la actualidad con una estructura federativa completa e integrada en la Real Federaci\u00f3n Espa\u00f1ola de Gimnasia, estando representada con un miembro, en su Asamblea General. OBJETIVOS GENERALES:1 Ofrecer a la Ciudad la posibilidad de la pr\u00e1ctica de un deporte femenino para deportistas en edad escolar bajo la tutela de\" \/>\n<meta property=\"og:url\" content=\"http:\/\/ritmicamelilla.com\/?page_id=96\" \/>\n<meta property=\"og:site_name\" content=\"R\u00edtmica Melilla\" \/>\n<meta property=\"article:modified_time\" content=\"2023-12-04T20:19:22+00:00\" \/>\n<meta name=\"twitter:card\" content=\"summary_large_image\" \/>\n<meta name=\"twitter:label1\" content=\"Tiempo de lectura\" \/>\n\t<meta name=\"twitter:data1\" content=\"1 minuto\" \/>\n<script type=\"application\/ld+json\" class=\"yoast-schema-graph\">{\"@context\":\"https:\/\/schema.org\",\"@graph\":[{\"@type\":\"WebPage\",\"@id\":\"http:\/\/ritmicamelilla.com\/?page_id=96\",\"url\":\"http:\/\/ritmicamelilla.com\/?page_id=96\",\"name\":\"Proyecto deportivo - R\u00edtmica Melilla\",\"isPartOf\":{\"@id\":\"http:\/\/ritmicamelilla.com\/#website\"},\"datePublished\":\"2021-01-30T21:07:54+00:00\",\"dateModified\":\"2023-12-04T20:19:22+00:00\",\"breadcrumb\":{\"@id\":\"http:\/\/ritmicamelilla.com\/?page_id=96#breadcrumb\"},\"inLanguage\":\"es\",\"potentialAction\":[{\"@type\":\"ReadAction\",\"target\":[\"http:\/\/ritmicamelilla.com\/?page_id=96\"]}]},{\"@type\":\"BreadcrumbList\",\"@id\":\"http:\/\/ritmicamelilla.com\/?page_id=96#breadcrumb\",\"itemListElement\":[{\"@type\":\"ListItem\",\"position\":1,\"name\":\"Portada\",\"item\":\"http:\/\/ritmicamelilla.com\/\"},{\"@type\":\"ListItem\",\"position\":2,\"name\":\"Proyecto deportivo\"}]},{\"@type\":\"WebSite\",\"@id\":\"http:\/\/ritmicamelilla.com\/#website\",\"url\":\"http:\/\/ritmicamelilla.com\/\",\"name\":\"R\u00edtmica Melilla\",\"description\":\"P\u00e1gina de la federacion melillense de gimnasia\",\"publisher\":{\"@id\":\"http:\/\/ritmicamelilla.com\/#organization\"},\"potentialAction\":[{\"@type\":\"SearchAction\",\"target\":{\"@type\":\"EntryPoint\",\"urlTemplate\":\"http:\/\/ritmicamelilla.com\/?s={search_term_string}\"},\"query-input\":\"required name=search_term_string\"}],\"inLanguage\":\"es\"},{\"@type\":\"Organization\",\"@id\":\"http:\/\/ritmicamelilla.com\/#organization\",\"name\":\"Federaci\u00f3n Melillense de Gimnasia R\u00edtmica\",\"alternateName\":\"FMLG\",\"url\":\"http:\/\/ritmicamelilla.com\/\",\"logo\":{\"@type\":\"ImageObject\",\"inLanguage\":\"es\",\"@id\":\"http:\/\/ritmicamelilla.com\/#\/schema\/logo\/image\/\",\"url\":\"http:\/\/ritmicamelilla.com\/wp-content\/uploads\/2021\/01\/logofmtr-1.png\",\"contentUrl\":\"http:\/\/ritmicamelilla.com\/wp-content\/uploads\/2021\/01\/logofmtr-1.png\",\"width\":120,\"height\":80,\"caption\":\"Federaci\u00f3n Melillense de Gimnasia R\u00edtmica\"},\"image\":{\"@id\":\"http:\/\/ritmicamelilla.com\/#\/schema\/logo\/image\/\"}}]}<\/script>\n<!-- \/ Yoast SEO plugin. -->","yoast_head_json":{"title":"Proyecto deportivo - R\u00edtmica Melilla","robots":{"index":"index","follow":"follow","max-snippet":"max-snippet:-1","max-image-preview":"max-image-preview:large","max-video-preview":"max-video-preview:-1"},"canonical":"http:\/\/ritmicamelilla.com\/?page_id=96","og_locale":"es_ES","og_type":"article","og_title":"Proyecto deportivo - R\u00edtmica Melilla","og_description":"ADMINISTRACION Y GESTI\u00d3N Para el desarrollo de todas las actividades de la Federaci\u00f3n, es imprescindible disponer de un \u00f3rgano de gesti\u00f3n y administraci\u00f3n que permita la coordinaci\u00f3n de todas las actividades as\u00ed\u00ad como la necesaria documentaci\u00f3n y archivo generada, tanto de los aspectos institucionales y de relaci\u00f3n como econ\u00f3micos PROYECTO DEPORTIVO Este proyecto presenta la particularidad de estar dirigido principalmente a la mujer, a su formaci\u00f3n deportiva desde la infancia como parte de la formaci\u00f3n integral que nuestra sociedad preconiza. Pero incluye en el mismo la actividad deportiva masculina en sus modalidades deportivas DESCRIPCI\u00d3N La Federaci\u00f3n Melillense de Gimnasia cuenta en la actualidad con una estructura federativa completa e integrada en la Real Federaci\u00f3n Espa\u00f1ola de Gimnasia, estando representada con un miembro, en su Asamblea General. OBJETIVOS GENERALES:1 Ofrecer a la Ciudad la posibilidad de la pr\u00e1ctica de un deporte femenino para deportistas en edad escolar bajo la tutela de","og_url":"http:\/\/ritmicamelilla.com\/?page_id=96","og_site_name":"R\u00edtmica Melilla","article_modified_time":"2023-12-04T20:19:22+00:00","twitter_card":"summary_large_image","twitter_misc":{"Tiempo de lectura":"1 minuto"},"schema":{"@context":"https:\/\/schema.org","@graph":[{"@type":"WebPage","@id":"http:\/\/ritmicamelilla.com\/?page_id=96","url":"http:\/\/ritmicamelilla.com\/?page_id=96","name":"Proyecto deportivo - R\u00edtmica Melilla","isPartOf":{"@id":"http:\/\/ritmicamelilla.com\/#website"},"datePublished":"2021-01-30T21:07:54+00:00","dateModified":"2023-12-04T20:19:22+00:00","breadcrumb":{"@id":"http:\/\/ritmicamelilla.com\/?page_id=96#breadcrumb"},"inLanguage":"es","potentialAction":[{"@type":"ReadAction","target":["http:\/\/ritmicamelilla.com\/?page_id=96"]}]},{"@type":"BreadcrumbList","@id":"http:\/\/ritmicamelilla.com\/?page_id=96#breadcrumb","itemListElement":[{"@type":"ListItem","position":1,"name":"Portada","item":"http:\/\/ritmicamelilla.com\/"},{"@type":"ListItem","position":2,"name":"Proyecto deportivo"}]},{"@type":"WebSite","@id":"http:\/\/ritmicamelilla.com\/#website","url":"http:\/\/ritmicamelilla.com\/","name":"R\u00edtmica Melilla","description":"P\u00e1gina de la federacion melillense de gimnasia","publisher":{"@id":"http:\/\/ritmicamelilla.com\/#organization"},"potentialAction":[{"@type":"SearchAction","target":{"@type":"EntryPoint","urlTemplate":"http:\/\/ritmicamelilla.com\/?s={search_term_string}"},"query-input":"required name=search_term_string"}],"inLanguage":"es"},{"@type":"Organization","@id":"http:\/\/ritmicamelilla.com\/#organization","name":"Federaci\u00f3n Melillense de Gimnasia R\u00edtmica","alternateName":"FMLG","url":"http:\/\/ritmicamelilla.com\/","logo":{"@type":"ImageObject","inLanguage":"es","@id":"http:\/\/ritmicamelilla.com\/#\/schema\/logo\/image\/","url":"http:\/\/ritmicamelilla.com\/wp-content\/uploads\/2021\/01\/logofmtr-1.png","contentUrl":"http:\/\/ritmicamelilla.com\/wp-content\/uploads\/2021\/01\/logofmtr-1.png","width":120,"height":80,"caption":"Federaci\u00f3n Melillense de Gimnasia R\u00edtmica"},"image":{"@id":"http:\/\/ritmicamelilla.com\/#\/schema\/logo\/image\/"}}]}},"_links":{"self":[{"href":"http:\/\/ritmicamelilla.com\/index.php?rest_route=\/wp\/v2\/pages\/96","targetHints":{"allow":["GET"]}}],"collection":[{"href":"http:\/\/ritmicamelilla.com\/index.php?rest_route=\/wp\/v2\/pages"}],"about":[{"href":"http:\/\/ritmicamelilla.com\/index.php?rest_route=\/wp\/v2\/types\/page"}],"author":[{"embeddable":true,"href":"http:\/\/ritmicamelilla.com\/index.php?rest_route=\/wp\/v2\/users\/1"}],"replies":[{"embeddable":true,"href":"http:\/\/ritmicamelilla.com\/index.php?rest_route=%2Fwp%2Fv2%2Fcomments&post=96"}],"version-history":[{"count":3,"href":"http:\/\/ritmicamelilla.com\/index.php?rest_route=\/wp\/v2\/pages\/96\/revisions"}],"predecessor-version":[{"id":787,"href":"http:\/\/ritmicamelilla.com\/index.php?rest_route=\/wp\/v2\/pages\/96\/revisions\/787"}],"wp:attachment":[{"href":"http:\/\/ritmicamelilla.com\/index.php?rest_route=%2Fwp%2Fv2%2Fmedia&parent=96"}],"curies":[{"name":"wp","href":"https:\/\/api.w.org\/{rel}","templated":true}]}}